{"id":561,"date":"2023-07-04T07:53:03","date_gmt":"2023-07-04T07:53:03","guid":{"rendered":"https:\/\/circle2learning.eu\/tr\/?page_id=561"},"modified":"2025-02-10T11:48:58","modified_gmt":"2025-02-10T11:48:58","slug":"tourism-resource-pack-2","status":"publish","type":"page","link":"https:\/\/circle2learning.eu\/tr\/tourism-resource-pack-2\/","title":{"rendered":"Tourism Resource Pack 2"},"content":{"rendered":"<p>[et_pb_section fb_built=&#8221;1&#8243; _builder_version=&#8221;4.21.0&#8243; _module_preset=&#8221;default&#8221; global_colors_info=&#8221;{}&#8221;][et_pb_row _builder_version=&#8221;4.21.0&#8243; _module_preset=&#8221;default&#8221; global_colors_info=&#8221;{}&#8221;][et_pb_column type=&#8221;4_4&#8243; _builder_version=&#8221;4.21.0&#8243; _module_preset=&#8221;default&#8221; global_colors_info=&#8221;{}&#8221;][et_pb_text _builder_version=&#8221;4.21.0&#8243; _module_preset=&#8221;default&#8221; global_colors_info=&#8221;{}&#8221;]<\/p>\n<h2><strong>Turizm Kaynak Paketi 2<br \/><\/strong><\/h2>\n<p>[\/et_pb_text][et_pb_button button_url=&#8221;https:\/\/circle2learning.eu\/tr\/wp-content\/uploads\/2025\/02\/Tourism-TR-RP2.zip&#8221; url_new_window=&#8221;on&#8221; button_text=&#8221;Turizm Kaynak Paketi 2 yi zip olarak y\u00fckle&#8221; button_alignment=&#8221;center&#8221; _builder_version=&#8221;4.27.4&#8243; _module_preset=&#8221;default&#8221; hover_enabled=&#8221;0&#8243; custom_css_before=&#8221;et-download-button&#8221; global_colors_info=&#8221;{}&#8221; sticky_enabled=&#8221;0&#8243;][\/et_pb_button][\/et_pb_column][\/et_pb_row][et_pb_row column_structure=&#8221;1_3,2_3&#8243; _builder_version=&#8221;4.21.0&#8243; _module_preset=&#8221;default&#8221; locked=&#8221;off&#8221; global_colors_info=&#8221;{}&#8221;][et_pb_column type=&#8221;1_3&#8243; _builder_version=&#8221;4.21.0&#8243; _module_preset=&#8221;default&#8221; global_colors_info=&#8221;{}&#8221;][et_pb_image src=&#8221;https:\/\/circle2learning.eu\/tr\/wp-content\/uploads\/2025\/01\/Screen-Shot-2025-01-19-at-21.02.36.png&#8221; title_text=&#8221;Screen Shot 2025-01-19 at 21.02.36&#8243; _builder_version=&#8221;4.27.4&#8243; _module_preset=&#8221;default&#8221; global_colors_info=&#8221;{}&#8221;][\/et_pb_image][\/et_pb_column][et_pb_column type=&#8221;2_3&#8243; _builder_version=&#8221;4.21.0&#8243; _module_preset=&#8221;default&#8221; global_colors_info=&#8221;{}&#8221;][et_pb_text _builder_version=&#8221;4.27.4&#8243; _module_preset=&#8221;default&#8221; custom_padding=&#8221;||0px|||&#8221; global_colors_info=&#8221;{}&#8221;]<\/p>\n<p><strong>CIRCLE Karbon yolculu\u011fu tahmincisi<\/strong><\/p>\n<p>Her g\u00fcn ula\u015f\u0131m \u015feklimiz hakk\u0131nda kararlar al\u0131yoruz. Ancak yolculu\u011fumuzun \u00e7evresel sonu\u00e7lar\u0131n\u0131n fark\u0131nda de\u011filiz. Yolculu\u011funuzu kar\u015f\u0131la\u015ft\u0131rmak i\u00e7in bu basit haz\u0131r hesaplay\u0131c\u0131y\u0131 kullan\u0131n<\/p>\n<p>[\/et_pb_text][\/et_pb_column][\/et_pb_row][et_pb_row column_structure=&#8221;1_3,2_3&#8243; _builder_version=&#8221;4.21.0&#8243; _module_preset=&#8221;default&#8221; global_colors_info=&#8221;{}&#8221;][et_pb_column type=&#8221;1_3&#8243; _builder_version=&#8221;4.21.0&#8243; _module_preset=&#8221;default&#8221; global_colors_info=&#8221;{}&#8221;][et_pb_image src=&#8221;https:\/\/circle2learning.eu\/tr\/wp-content\/uploads\/2023\/07\/Resource-Pack-2-2.png&#8221; title_text=&#8221;Resource Pack 2-2&#8243; _builder_version=&#8221;4.21.0&#8243; _module_preset=&#8221;default&#8221; global_colors_info=&#8221;{}&#8221;][\/et_pb_image][\/et_pb_column][et_pb_column type=&#8221;2_3&#8243; _builder_version=&#8221;4.21.0&#8243; _module_preset=&#8221;default&#8221; global_colors_info=&#8221;{}&#8221;][et_pb_text _builder_version=&#8221;4.21.0&#8243; _module_preset=&#8221;default&#8221; global_colors_info=&#8221;{}&#8221;]<\/p>\n<p><strong>D\u00f6ng\u00fcsel G\u0131da ve \u00e7evresel etkisi<\/strong><\/p>\n<p>T\u00fcketilen bir kaynak olarak g\u0131da ile karbon etkisi aras\u0131nda g\u00fc\u00e7l\u00fc bir ili\u015fki vard\u0131r. \u0130li\u015fkiyi veya hangi g\u0131dalar\u0131n \u00e7evreye daha faydal\u0131 oldu\u011funu \u00e7ok iyi anlay\u0131n. K\u00fc\u00e7\u00fck bir grup halinde, bir restoranda bulabilece\u011finiz farkl\u0131 yemeklerin karbon etkisini ara\u015ft\u0131r\u0131n ve karbon etkilerini azaltmak i\u00e7in ne gibi de\u011fi\u015fiklikler yap\u0131labilece\u011fini g\u00f6r\u00fcn.<\/p>\n<p>[\/et_pb_text][\/et_pb_column][\/et_pb_row][et_pb_row column_structure=&#8221;1_3,2_3&#8243; _builder_version=&#8221;4.21.0&#8243; _module_preset=&#8221;default&#8221; locked=&#8221;off&#8221; global_colors_info=&#8221;{}&#8221;][et_pb_column type=&#8221;1_3&#8243; _builder_version=&#8221;4.21.0&#8243; _module_preset=&#8221;default&#8221; global_colors_info=&#8221;{}&#8221;][et_pb_image src=&#8221;https:\/\/circle2learning.eu\/tr\/wp-content\/uploads\/2025\/01\/Screen-Shot-2025-01-19-at-21.00.20.png&#8221; title_text=&#8221;Screen Shot 2025-01-19 at 21.00.20&#8243; _builder_version=&#8221;4.27.4&#8243; _module_preset=&#8221;default&#8221; global_colors_info=&#8221;{}&#8221;][\/et_pb_image][\/et_pb_column][et_pb_column type=&#8221;2_3&#8243; _builder_version=&#8221;4.21.0&#8243; _module_preset=&#8221;default&#8221; global_colors_info=&#8221;{}&#8221;][et_pb_text _builder_version=&#8221;4.27.4&#8243; _module_preset=&#8221;default&#8221; custom_padding=&#8221;||0px|||&#8221; global_colors_info=&#8221;{}&#8221;]<\/p>\n<h4><strong>CIRCLE Kuvvet alan\u0131 Analiz Egzersizi<\/strong><\/h4>\n<p>\u0130\u015fyerindeki uygulamalarda \u00e7evresel iyile\u015ftirmeler yapmak diren\u00e7le kar\u015f\u0131la\u015facakt\u0131r. Bu egzersiz, bir nesnenin dengesiz kuvvetler taraf\u0131ndan hareket ettirilmedi\u011fi s\u00fcrece bir pozisyonda kalaca\u011f\u0131n\u0131 belirten Newton&#8217;un birinci yasas\u0131n\u0131n ilkelerini benimser. D\u00f6ng\u00fcsel ekonomide, dairesel g\u00fcndemi zorlayan d\u00fczenleme veya geri d\u00f6n\u00fc\u015f\u00fcm hedefleri gibi kuvvetler oldu\u011fu gibi, hareketi engelleyen diren\u00e7li kuvvetler de vard\u0131r. Bu kuvvetleri ke\u015ffetmek i\u00e7in bir ekip i\u00e7inde \u00e7al\u0131\u015f\u0131n.<\/p>\n<p>[\/et_pb_text][\/et_pb_column][\/et_pb_row][\/et_pb_section]<\/p>\n","protected":false},"excerpt":{"rendered":"<p>Turizm Kaynak Paketi 2CIRCLE Karbon yolculu\u011fu tahmincisi Her g\u00fcn ula\u015f\u0131m \u015feklimiz hakk\u0131nda kararlar al\u0131yoruz. Ancak yolculu\u011fumuzun \u00e7evresel sonu\u00e7lar\u0131n\u0131n fark\u0131nda de\u011filiz. Yolculu\u011funuzu kar\u015f\u0131la\u015ft\u0131rmak i\u00e7in bu basit haz\u0131r hesaplay\u0131c\u0131y\u0131 kullan\u0131nD\u00f6ng\u00fcsel G\u0131da ve \u00e7evresel etkisi T\u00fcketilen bir kaynak olarak g\u0131da ile karbon etkisi aras\u0131nda g\u00fc\u00e7l\u00fc bir ili\u015fki vard\u0131r. \u0130li\u015fkiyi veya hangi g\u0131dalar\u0131n \u00e7evreye daha faydal\u0131 oldu\u011funu \u00e7ok iyi [&hellip;]<\/p>\n","protected":false},"author":2,"featured_media":0,"parent":0,"menu_order":0,"comment_status":"closed","ping_status":"closed","template":"","meta":{"_et_pb_use_builder":"on","_et_pb_old_content":"","_et_gb_content_width":"","footnotes":""},"class_list":["post-561","page","type-page","status-publish","hentry"],"_links":{"self":[{"href":"https:\/\/circle2learning.eu\/tr\/wp-json\/wp\/v2\/pages\/561","targetHints":{"allow":["GET"]}}],"collection":[{"href":"https:\/\/circle2learning.eu\/tr\/wp-json\/wp\/v2\/pages"}],"about":[{"href":"https:\/\/circle2learning.eu\/tr\/wp-json\/wp\/v2\/types\/page"}],"author":[{"embeddable":true,"href":"https:\/\/circle2learning.eu\/tr\/wp-json\/wp\/v2\/users\/2"}],"replies":[{"embeddable":true,"href":"https:\/\/circle2learning.eu\/tr\/wp-json\/wp\/v2\/comments?post=561"}],"version-history":[{"count":19,"href":"https:\/\/circle2learning.eu\/tr\/wp-json\/wp\/v2\/pages\/561\/revisions"}],"predecessor-version":[{"id":1404,"href":"https:\/\/circle2learning.eu\/tr\/wp-json\/wp\/v2\/pages\/561\/revisions\/1404"}],"wp:attachment":[{"href":"https:\/\/circle2learning.eu\/tr\/wp-json\/wp\/v2\/media?parent=561"}],"curies":[{"name":"wp","href":"https:\/\/api.w.org\/{rel}","templated":true}]}}