{"id":584,"date":"2023-07-04T10:26:39","date_gmt":"2023-07-04T10:26:39","guid":{"rendered":"https:\/\/circle2learning.eu\/tr\/?page_id=584"},"modified":"2025-01-16T11:36:21","modified_gmt":"2025-01-16T11:36:21","slug":"transport-resource-pack-1","status":"publish","type":"page","link":"https:\/\/circle2learning.eu\/tr\/transport-resource-pack-1\/","title":{"rendered":"Transport Resource Pack 1"},"content":{"rendered":"<p>[et_pb_section fb_built=&#8221;1&#8243; _builder_version=&#8221;4.21.0&#8243; _module_preset=&#8221;default&#8221; custom_padding=&#8221;||13px|||&#8221; locked=&#8221;off&#8221; global_colors_info=&#8221;{}&#8221;][et_pb_row column_structure=&#8221;1_2,1_2&#8243; _builder_version=&#8221;4.27.3&#8243; _module_preset=&#8221;default&#8221; global_colors_info=&#8221;{}&#8221;][et_pb_column type=&#8221;1_2&#8243; _builder_version=&#8221;4.27.3&#8243; _module_preset=&#8221;default&#8221; global_colors_info=&#8221;{}&#8221;][et_pb_text _builder_version=&#8221;4.27.3&#8243; _module_preset=&#8221;default&#8221; global_colors_info=&#8221;{}&#8221;]<\/p>\n<h2><strong>Ula\u015f\u0131m Kaynak Paketi 1<\/strong><\/h2>\n<p>[\/et_pb_text][\/et_pb_column][et_pb_column type=&#8221;1_2&#8243; _builder_version=&#8221;4.27.3&#8243; _module_preset=&#8221;default&#8221; global_colors_info=&#8221;{}&#8221;][\/et_pb_column][\/et_pb_row][et_pb_row column_structure=&#8221;1_2,1_2&#8243; _builder_version=&#8221;4.27.3&#8243; _module_preset=&#8221;default&#8221; global_colors_info=&#8221;{}&#8221;][et_pb_column type=&#8221;1_2&#8243; _builder_version=&#8221;4.27.3&#8243; _module_preset=&#8221;default&#8221; global_colors_info=&#8221;{}&#8221;][et_pb_button button_url=&#8221;https:\/\/circle2learning.eu\/tr\/wp-content\/uploads\/2025\/01\/Transport-TR-RP1.zip&#8221; url_new_window=&#8221;on&#8221; button_text=&#8221;Ula\u015f\u0131m Kaynak Paketi 1 Y\u00fckle Zip File olarak&#8221; button_alignment=&#8221;center&#8221; _builder_version=&#8221;4.27.4&#8243; _module_preset=&#8221;default&#8221; z_index=&#8221;0&#8243; hover_enabled=&#8221;0&#8243; custom_css_before=&#8221;et-download-button&#8221; locked=&#8221;off&#8221; global_colors_info=&#8221;{}&#8221; sticky_enabled=&#8221;0&#8243;][\/et_pb_button][\/et_pb_column][et_pb_column type=&#8221;1_2&#8243; _builder_version=&#8221;4.27.3&#8243; _module_preset=&#8221;default&#8221; global_colors_info=&#8221;{}&#8221;][\/et_pb_column][\/et_pb_row][et_pb_row column_structure=&#8221;1_2,1_2&#8243; module_class=&#8221;freightcalculator&#8221; _builder_version=&#8221;4.27.2&#8243; _module_preset=&#8221;default&#8221; min_height=&#8221;319.6px&#8221; custom_margin=&#8221;-2px|auto||auto||&#8221; custom_padding=&#8221;||15px|||&#8221; global_colors_info=&#8221;{}&#8221;][et_pb_column type=&#8221;1_2&#8243; _builder_version=&#8221;4.22.0&#8243; _module_preset=&#8221;default&#8221; global_colors_info=&#8221;{}&#8221;][et_pb_image src=&#8221;https:\/\/circle2learning.eu\/tr\/wp-content\/uploads\/2024\/11\/AB_Yillik_araba_maliyeti.png&#8221; title_text=&#8221;AB_Yillik_araba_maliyeti&#8221; _builder_version=&#8221;4.27.3&#8243; _module_preset=&#8221;default&#8221; width=&#8221;83%&#8221; min_height=&#8221;260.6px&#8221; height=&#8221;152px&#8221; global_colors_info=&#8221;{}&#8221;][\/et_pb_image][\/et_pb_column][et_pb_column type=&#8221;1_2&#8243; _builder_version=&#8221;4.22.0&#8243; _module_preset=&#8221;default&#8221; global_colors_info=&#8221;{}&#8221;][et_pb_text _builder_version=&#8221;4.27.3&#8243; _module_preset=&#8221;default&#8221; custom_padding=&#8221;|||0px||&#8221; global_colors_info=&#8221;{}&#8221;]<\/p>\n<h3>AB Y\u0131ll\u0131k Araba Maliyeti<\/h3>\n<p><a href=\"https:\/\/circle2learning.eu\/tr\/wp-content\/uploads\/2024\/11\/TR-EU-Annual-Car-Cost.xlsx\" target=\"_blank\" rel=\"noopener\">Bu MS Excel tabanl\u0131 ara\u00e7<\/a>, farkl\u0131 araba t\u00fcrlerinin finansal ve \u00e7evresel maliyetine dair bir g\u00f6sterge sunar. Bu arac\u0131, AB ortalamalar\u0131na dayanarak, araban\u0131z\u0131n finansal ve \u00e7evresel etkisini tahmin etmek i\u00e7in kullan\u0131n<\/p>\n<p>[\/et_pb_text][\/et_pb_column][\/et_pb_row][et_pb_row column_structure=&#8221;1_2,1_2&#8243; _builder_version=&#8221;4.27.3&#8243; _module_preset=&#8221;default&#8221; global_colors_info=&#8221;{}&#8221;][et_pb_column type=&#8221;1_2&#8243; _builder_version=&#8221;4.27.3&#8243; _module_preset=&#8221;default&#8221; global_colors_info=&#8221;{}&#8221;][et_pb_image src=&#8221;https:\/\/circle2learning.eu\/tr\/wp-content\/uploads\/2024\/11\/tasima.png&#8221; title_text=&#8221;tasima&#8221; _builder_version=&#8221;4.27.3&#8243; _module_preset=&#8221;default&#8221; global_colors_info=&#8221;{}&#8221;][\/et_pb_image][\/et_pb_column][et_pb_column type=&#8221;1_2&#8243; _builder_version=&#8221;4.27.3&#8243; _module_preset=&#8221;default&#8221; global_colors_info=&#8221;{}&#8221;][et_pb_text _builder_version=&#8221;4.27.3&#8243; _module_preset=&#8221;default&#8221; global_colors_info=&#8221;{}&#8221;]<\/p>\n<p><strong>Toplu Ta\u015f\u0131man\u0131n Maliyeti<\/strong><\/p>\n<p>Daha dairesel bir yakla\u015f\u0131m, insanlar\u0131 ta\u015f\u0131mak i\u00e7in toplu ta\u015f\u0131man\u0131n daha fazla kullan\u0131lmas\u0131n\u0131 i\u00e7erir. Avrupa&#8217;da farkl\u0131 ula\u015f\u0131m modellerini kullanman\u0131n maliyeti ne kadard\u0131r?<\/p>\n<p>[\/et_pb_text][\/et_pb_column][\/et_pb_row][et_pb_row column_structure=&#8221;1_2,1_2&#8243; module_class=&#8221;freightcalculator&#8221; _builder_version=&#8221;4.27.2&#8243; _module_preset=&#8221;default&#8221; min_height=&#8221;319.6px&#8221; custom_margin=&#8221;-2px|auto||auto||&#8221; custom_padding=&#8221;||15px|||&#8221; link_option_url_new_window=&#8221;on&#8221; custom_css_free_form=&#8221;.freightcalculator {||  transition: all 0.3s ease-in-out;||}||||.freightcalculator:hover {||  transform: scale(1.01);||}&#8221; global_colors_info=&#8221;{}&#8221;][et_pb_column type=&#8221;1_2&#8243; _builder_version=&#8221;4.22.0&#8243; _module_preset=&#8221;default&#8221; global_colors_info=&#8221;{}&#8221;][et_pb_image src=&#8221;https:\/\/circle2learning.eu\/tr\/wp-content\/uploads\/2024\/11\/navlun.png&#8221; alt=&#8221;Freight Calculator&#8221; title_text=&#8221;navlun&#8221; url=&#8221;https:\/\/circle2learning.eu\/freight-calculator\/&#8221; url_new_window=&#8221;on&#8221; _builder_version=&#8221;4.27.3&#8243; _module_preset=&#8221;default&#8221; width=&#8221;100%&#8221; max_width=&#8221;80%&#8221; min_height=&#8221;100%&#8221; height=&#8221;100%&#8221; global_colors_info=&#8221;{}&#8221;][\/et_pb_image][\/et_pb_column][et_pb_column type=&#8221;1_2&#8243; _builder_version=&#8221;4.22.0&#8243; _module_preset=&#8221;default&#8221; global_colors_info=&#8221;{}&#8221;][et_pb_text _builder_version=&#8221;4.27.3&#8243; _module_preset=&#8221;default&#8221; custom_padding=&#8221;|||0px||&#8221; link_option_url_new_window=&#8221;on&#8221; global_colors_info=&#8221;{}&#8221;]<\/p>\n<h4><strong>Navlun Hesaplay\u0131c\u0131<br \/><\/strong><\/h4>\n<p data-sourcepos=\"3:1-3:47\"><strong>Nakliye Maliyetlerini Tahmin Edin<\/strong><\/p>\n<p data-sourcepos=\"5:1-5:19\"><span>Bu hesaplay\u0131c\u0131, yak\u0131t fiyat\u0131n\u0131, mesafeyi, kargo a\u011f\u0131rl\u0131\u011f\u0131n\u0131 ve yak\u0131t verimlili\u011fini g\u00f6z \u00f6n\u00fcnde bulundurarak g\u00f6nderinizin tahmini nakliye maliyetini hesaplaman\u0131za yard\u0131mc\u0131 olur.<\/span><\/p>\n<p data-sourcepos=\"5:1-5:19\"><span><a href=\"https:\/\/circle2learning.eu\/tr\/freight-calculator\/\" target=\"_blank\" rel=\"noopener\">Bu sayfaya<\/a> giderek arac\u0131 do\u011frudan \u00e7evrimi\u00e7i kullanabilir veya html, cs, javascript veya Excel format\u0131nda indirebilirsiniz. Ara\u00e7 ayr\u0131ca temel ve ileri d\u00fczey kullan\u0131m talimatlar\u0131yla birlikte gelir.<\/span><\/p>\n<p>[\/et_pb_text][\/et_pb_column][\/et_pb_row][\/et_pb_section]<\/p>\n","protected":false},"excerpt":{"rendered":"<p>Ula\u015f\u0131m Kaynak Paketi 1AB Y\u0131ll\u0131k Araba Maliyeti Bu MS Excel tabanl\u0131 ara\u00e7, farkl\u0131 araba t\u00fcrlerinin finansal ve \u00e7evresel maliyetine dair bir g\u00f6sterge sunar. Bu arac\u0131, AB ortalamalar\u0131na dayanarak, araban\u0131z\u0131n finansal ve \u00e7evresel etkisini tahmin etmek i\u00e7in kullan\u0131nToplu Ta\u015f\u0131man\u0131n Maliyeti Daha dairesel bir yakla\u015f\u0131m, insanlar\u0131 ta\u015f\u0131mak i\u00e7in toplu ta\u015f\u0131man\u0131n daha fazla kullan\u0131lmas\u0131n\u0131 i\u00e7erir. Avrupa&#8217;da farkl\u0131 ula\u015f\u0131m [&hellip;]<\/p>\n","protected":false},"author":2,"featured_media":0,"parent":0,"menu_order":0,"comment_status":"closed","ping_status":"closed","template":"","meta":{"_et_pb_use_builder":"on","_et_pb_old_content":"","_et_gb_content_width":"","footnotes":""},"class_list":["post-584","page","type-page","status-publish","hentry"],"_links":{"self":[{"href":"https:\/\/circle2learning.eu\/tr\/wp-json\/wp\/v2\/pages\/584","targetHints":{"allow":["GET"]}}],"collection":[{"href":"https:\/\/circle2learning.eu\/tr\/wp-json\/wp\/v2\/pages"}],"about":[{"href":"https:\/\/circle2learning.eu\/tr\/wp-json\/wp\/v2\/types\/page"}],"author":[{"embeddable":true,"href":"https:\/\/circle2learning.eu\/tr\/wp-json\/wp\/v2\/users\/2"}],"replies":[{"embeddable":true,"href":"https:\/\/circle2learning.eu\/tr\/wp-json\/wp\/v2\/comments?post=584"}],"version-history":[{"count":17,"href":"https:\/\/circle2learning.eu\/tr\/wp-json\/wp\/v2\/pages\/584\/revisions"}],"predecessor-version":[{"id":1153,"href":"https:\/\/circle2learning.eu\/tr\/wp-json\/wp\/v2\/pages\/584\/revisions\/1153"}],"wp:attachment":[{"href":"https:\/\/circle2learning.eu\/tr\/wp-json\/wp\/v2\/media?parent=584"}],"curies":[{"name":"wp","href":"https:\/\/api.w.org\/{rel}","templated":true}]}}