{"id":587,"date":"2023-07-04T10:27:39","date_gmt":"2023-07-04T10:27:39","guid":{"rendered":"https:\/\/circle2learning.eu\/tr\/?page_id=587"},"modified":"2025-01-15T19:11:26","modified_gmt":"2025-01-15T19:11:26","slug":"transport-resource-pack-2","status":"publish","type":"page","link":"https:\/\/circle2learning.eu\/tr\/transport-resource-pack-2\/","title":{"rendered":"Transport Resource Pack 2"},"content":{"rendered":"<p>[et_pb_section fb_built=&#8221;1&#8243; _builder_version=&#8221;4.21.0&#8243; _module_preset=&#8221;default&#8221; global_colors_info=&#8221;{}&#8221;][et_pb_row column_structure=&#8221;1_2,1_2&#8243; _builder_version=&#8221;4.27.3&#8243; _module_preset=&#8221;default&#8221; locked=&#8221;off&#8221; global_colors_info=&#8221;{}&#8221;][et_pb_column type=&#8221;1_2&#8243; _builder_version=&#8221;4.27.3&#8243; _module_preset=&#8221;default&#8221; global_colors_info=&#8221;{}&#8221;][et_pb_text _builder_version=&#8221;4.27.3&#8243; _module_preset=&#8221;default&#8221; global_colors_info=&#8221;{}&#8221;]<\/p>\n<h2><strong>Ula\u015f\u0131m Kaynak Paketi 2<\/strong><\/h2>\n<p>[\/et_pb_text][\/et_pb_column][et_pb_column type=&#8221;1_2&#8243; _builder_version=&#8221;4.27.3&#8243; _module_preset=&#8221;default&#8221; global_colors_info=&#8221;{}&#8221;][\/et_pb_column][\/et_pb_row][et_pb_row _builder_version=&#8221;4.27.3&#8243; _module_preset=&#8221;default&#8221; global_colors_info=&#8221;{}&#8221;][et_pb_column type=&#8221;4_4&#8243; _builder_version=&#8221;4.27.3&#8243; _module_preset=&#8221;default&#8221; global_colors_info=&#8221;{}&#8221;][et_pb_button button_url=&#8221;https:\/\/circle2learning.eu\/tr\/wp-content\/uploads\/2025\/01\/Transport-TR-RP2.zip&#8221; button_text=&#8221;Ula\u015f\u0131m Kaynak Paketi 2 Y\u00fckle Zip File olarak&#8221; _builder_version=&#8221;4.27.4&#8243; _module_preset=&#8221;default&#8221; hover_enabled=&#8221;0&#8243; global_colors_info=&#8221;{}&#8221; sticky_enabled=&#8221;0&#8243;][\/et_pb_button][\/et_pb_column][\/et_pb_row][et_pb_row column_structure=&#8221;1_2,1_2&#8243; module_class=&#8221;freightcalculator&#8221; _builder_version=&#8221;4.27.2&#8243; _module_preset=&#8221;default&#8221; min_height=&#8221;319.6px&#8221; custom_margin=&#8221;-2px|auto||auto||&#8221; custom_padding=&#8221;||15px|||&#8221; locked=&#8221;off&#8221; global_colors_info=&#8221;{}&#8221;][et_pb_column type=&#8221;1_2&#8243; _builder_version=&#8221;4.22.0&#8243; _module_preset=&#8221;default&#8221; global_colors_info=&#8221;{}&#8221;][et_pb_image src=&#8221;https:\/\/circle2learning.eu\/tr\/wp-content\/uploads\/2024\/11\/Screen-Shot-2024-11-26-at-11.44.09.png&#8221; title_text=&#8221;Screen Shot 2024-11-26 at 11.44.09&#8243; _builder_version=&#8221;4.27.3&#8243; _module_preset=&#8221;default&#8221; width=&#8221;83%&#8221; min_height=&#8221;260.6px&#8221; height=&#8221;152px&#8221; global_colors_info=&#8221;{}&#8221;][\/et_pb_image][\/et_pb_column][et_pb_column type=&#8221;1_2&#8243; _builder_version=&#8221;4.22.0&#8243; _module_preset=&#8221;default&#8221; global_colors_info=&#8221;{}&#8221;][et_pb_text _builder_version=&#8221;4.27.3&#8243; _module_preset=&#8221;default&#8221; custom_padding=&#8221;|||0px||&#8221; global_colors_info=&#8221;{}&#8221;]<\/p>\n<p><strong>Dijital D\u00f6n\u00fc\u015f\u00fcm arac\u0131<\/strong><\/p>\n<p>Dijital haz\u0131r kurulu\u015flar\u0131n lojistik operasyonlar\u0131n\u0131 iyile\u015ftirmek, mallar\u0131 verimli bir \u015fekilde ta\u015f\u0131mak ve at\u0131k ve karbon emisyonlar\u0131n\u0131 azaltmak i\u00e7in dijital teknolojiyi nas\u0131l kulland\u0131klar\u0131n\u0131 ke\u015ffedin<\/p>\n<p>[\/et_pb_text][\/et_pb_column][\/et_pb_row][et_pb_row column_structure=&#8221;1_2,1_2&#8243; _builder_version=&#8221;4.27.3&#8243; _module_preset=&#8221;default&#8221; locked=&#8221;off&#8221; global_colors_info=&#8221;{}&#8221;][et_pb_column type=&#8221;1_2&#8243; _builder_version=&#8221;4.27.3&#8243; _module_preset=&#8221;default&#8221; global_colors_info=&#8221;{}&#8221;][et_pb_image src=&#8221;https:\/\/circle2learning.eu\/tr\/wp-content\/uploads\/2024\/11\/Screen-Shot-2024-11-26-at-12.00.27.png&#8221; title_text=&#8221;Screen Shot 2024-11-26 at 12.00.27&#8243; _builder_version=&#8221;4.27.3&#8243; _module_preset=&#8221;default&#8221; global_colors_info=&#8221;{}&#8221;][\/et_pb_image][\/et_pb_column][et_pb_column type=&#8221;1_2&#8243; _builder_version=&#8221;4.27.3&#8243; _module_preset=&#8221;default&#8221; global_colors_info=&#8221;{}&#8221;][et_pb_text _builder_version=&#8221;4.27.3&#8243; _module_preset=&#8221;default&#8221; global_colors_info=&#8221;{}&#8221;]<\/p>\n<p><strong>Elektrikli Ara\u00e7 Se\u00e7imi<\/strong><\/p>\n<p>Elektrikli ara\u00e7lar\u0131n karbon emisyonlar\u0131n\u0131 ve k\u00fcresel \u0131s\u0131nmay\u0131 azaltmadaki faydalar\u0131n\u0131 anlaman\u0131z\u0131 sa\u011flayacak Excel tabanl\u0131 bir ara\u00e7. Esas olarak otomotiv end\u00fcstrisindeki mesleki e\u011fitim e\u011fitmenlerine y\u00f6neliktir.<\/p>\n<p>[\/et_pb_text][\/et_pb_column][\/et_pb_row][et_pb_row column_structure=&#8221;1_2,1_2&#8243; module_class=&#8221;freightcalculator&#8221; _builder_version=&#8221;4.27.2&#8243; _module_preset=&#8221;default&#8221; min_height=&#8221;319.6px&#8221; custom_margin=&#8221;-2px|auto||auto||&#8221; custom_padding=&#8221;||15px|||&#8221; link_option_url_new_window=&#8221;on&#8221; custom_css_free_form=&#8221;.freightcalculator {||  transition: all 0.3s ease-in-out;||}||||.freightcalculator:hover {||  transform: scale(1.01);||}&#8221; locked=&#8221;off&#8221; global_colors_info=&#8221;{}&#8221;][et_pb_column type=&#8221;1_2&#8243; _builder_version=&#8221;4.22.0&#8243; _module_preset=&#8221;default&#8221; global_colors_info=&#8221;{}&#8221;][et_pb_image src=&#8221;https:\/\/circle2learning.eu\/tr\/wp-content\/uploads\/2024\/11\/Screen-Shot-2024-11-26-at-12.02.53.png&#8221; alt=&#8221;Freight Calculator&#8221; title_text=&#8221;Screen Shot 2024-11-26 at 12.02.53&#8243; url_new_window=&#8221;on&#8221; _builder_version=&#8221;4.27.3&#8243; _module_preset=&#8221;default&#8221; width=&#8221;100%&#8221; max_width=&#8221;80%&#8221; min_height=&#8221;100%&#8221; height=&#8221;100%&#8221; global_colors_info=&#8221;{}&#8221;][\/et_pb_image][\/et_pb_column][et_pb_column type=&#8221;1_2&#8243; _builder_version=&#8221;4.22.0&#8243; _module_preset=&#8221;default&#8221; global_colors_info=&#8221;{}&#8221;][et_pb_text _builder_version=&#8221;4.27.3&#8243; _module_preset=&#8221;default&#8221; custom_padding=&#8221;|||0px||&#8221; link_option_url_new_window=&#8221;on&#8221; global_colors_info=&#8221;{}&#8221;]<\/p>\n<p><strong>\u015eirket Ta\u015f\u0131mac\u0131l\u0131\u011f\u0131 ve Lojistik Arac\u0131<\/strong><\/p>\n<p>Bu ara\u00e7, bir \u015firketin, ta\u015f\u0131mac\u0131l\u0131\u011f\u0131n\u0131n ve lojisti\u011finin genel bir g\u00f6r\u00fcn\u00fcm\u00fcn\u00fc olu\u015fturman\u0131za ve daha fazla dairesel uygulama i\u00e7in yer olup olmad\u0131\u011f\u0131n\u0131 belirlemenize yard\u0131mc\u0131 olmak i\u00e7in tasarlanm\u0131\u015ft\u0131r. Sa\u011flanan sorular, \u015fablonu doldurman\u0131za yard\u0131mc\u0131 olacak bir k\u0131lavuzdur. Daha sonra, belirlenen herhangi bir ta\u015f\u0131mac\u0131l\u0131k ve lojistik endi\u015fesine ili\u015fkin ilgili dairesel ekonomi yakla\u015f\u0131mlar\u0131n\u0131 belirlemek i\u00e7in ta\u015f\u0131mac\u0131l\u0131k mod\u00fcllerini kullanabilirsiniz.<\/p>\n<p>[\/et_pb_text][\/et_pb_column][\/et_pb_row][\/et_pb_section]<\/p>\n","protected":false},"excerpt":{"rendered":"<p>Ula\u015f\u0131m Kaynak Paketi 2Dijital D\u00f6n\u00fc\u015f\u00fcm arac\u0131 Dijital haz\u0131r kurulu\u015flar\u0131n lojistik operasyonlar\u0131n\u0131 iyile\u015ftirmek, mallar\u0131 verimli bir \u015fekilde ta\u015f\u0131mak ve at\u0131k ve karbon emisyonlar\u0131n\u0131 azaltmak i\u00e7in dijital teknolojiyi nas\u0131l kulland\u0131klar\u0131n\u0131 ke\u015ffedinElektrikli Ara\u00e7 Se\u00e7imi Elektrikli ara\u00e7lar\u0131n karbon emisyonlar\u0131n\u0131 ve k\u00fcresel \u0131s\u0131nmay\u0131 azaltmadaki faydalar\u0131n\u0131 anlaman\u0131z\u0131 sa\u011flayacak Excel tabanl\u0131 bir ara\u00e7. Esas olarak otomotiv end\u00fcstrisindeki mesleki e\u011fitim e\u011fitmenlerine y\u00f6neliktir.\u015eirket Ta\u015f\u0131mac\u0131l\u0131\u011f\u0131 [&hellip;]<\/p>\n","protected":false},"author":2,"featured_media":0,"parent":0,"menu_order":0,"comment_status":"closed","ping_status":"closed","template":"","meta":{"_et_pb_use_builder":"on","_et_pb_old_content":"","_et_gb_content_width":"","footnotes":""},"class_list":["post-587","page","type-page","status-publish","hentry"],"_links":{"self":[{"href":"https:\/\/circle2learning.eu\/tr\/wp-json\/wp\/v2\/pages\/587","targetHints":{"allow":["GET"]}}],"collection":[{"href":"https:\/\/circle2learning.eu\/tr\/wp-json\/wp\/v2\/pages"}],"about":[{"href":"https:\/\/circle2learning.eu\/tr\/wp-json\/wp\/v2\/types\/page"}],"author":[{"embeddable":true,"href":"https:\/\/circle2learning.eu\/tr\/wp-json\/wp\/v2\/users\/2"}],"replies":[{"embeddable":true,"href":"https:\/\/circle2learning.eu\/tr\/wp-json\/wp\/v2\/comments?post=587"}],"version-history":[{"count":12,"href":"https:\/\/circle2learning.eu\/tr\/wp-json\/wp\/v2\/pages\/587\/revisions"}],"predecessor-version":[{"id":1154,"href":"https:\/\/circle2learning.eu\/tr\/wp-json\/wp\/v2\/pages\/587\/revisions\/1154"}],"wp:attachment":[{"href":"https:\/\/circle2learning.eu\/tr\/wp-json\/wp\/v2\/media?parent=587"}],"curies":[{"name":"wp","href":"https:\/\/api.w.org\/{rel}","templated":true}]}}