{"id":590,"date":"2023-07-04T10:28:28","date_gmt":"2023-07-04T10:28:28","guid":{"rendered":"https:\/\/circle2learning.eu\/tr\/?page_id=590"},"modified":"2025-01-28T14:03:36","modified_gmt":"2025-01-28T14:03:36","slug":"agriculture-resource-pack-1","status":"publish","type":"page","link":"https:\/\/circle2learning.eu\/tr\/agriculture-resource-pack-1\/","title":{"rendered":"Agriculture Resource Pack 1"},"content":{"rendered":"<p>[et_pb_section fb_built=&#8221;1&#8243; _builder_version=&#8221;4.21.0&#8243; _module_preset=&#8221;default&#8221; custom_padding=&#8221;||13px|||&#8221; locked=&#8221;off&#8221; global_colors_info=&#8221;{}&#8221;][et_pb_row column_structure=&#8221;1_2,1_2&#8243; _builder_version=&#8221;4.27.3&#8243; _module_preset=&#8221;default&#8221; global_colors_info=&#8221;{}&#8221;][et_pb_column type=&#8221;1_2&#8243; _builder_version=&#8221;4.27.3&#8243; _module_preset=&#8221;default&#8221; global_colors_info=&#8221;{}&#8221;][et_pb_text _builder_version=&#8221;4.27.4&#8243; _module_preset=&#8221;default&#8221; global_colors_info=&#8221;{}&#8221;]<\/p>\n<h2><strong>Tar\u0131m Kaynak Paketi 1<\/strong><\/h2>\n<p>[\/et_pb_text][\/et_pb_column][et_pb_column type=&#8221;1_2&#8243; _builder_version=&#8221;4.27.3&#8243; _module_preset=&#8221;default&#8221; global_colors_info=&#8221;{}&#8221;][\/et_pb_column][\/et_pb_row][et_pb_row column_structure=&#8221;1_2,1_2&#8243; _builder_version=&#8221;4.27.3&#8243; _module_preset=&#8221;default&#8221; global_colors_info=&#8221;{}&#8221;][et_pb_column type=&#8221;1_2&#8243; _builder_version=&#8221;4.27.3&#8243; _module_preset=&#8221;default&#8221; global_colors_info=&#8221;{}&#8221;][et_pb_button button_url=&#8221;https:\/\/circle2learning.eu\/tr\/wp-content\/uploads\/2025\/01\/Agri-TR-RP1.zip&#8221; url_new_window=&#8221;on&#8221; button_text=&#8221;Tar\u0131m Kaynak Paketi 1 Y\u00fckle Zip dosyas\u0131 olarak&#8221; button_alignment=&#8221;center&#8221; _builder_version=&#8221;4.27.4&#8243; _module_preset=&#8221;default&#8221; z_index=&#8221;0&#8243; custom_css_before=&#8221;et-download-button&#8221; locked=&#8221;off&#8221; global_colors_info=&#8221;{}&#8221;][\/et_pb_button][\/et_pb_column][et_pb_column type=&#8221;1_2&#8243; _builder_version=&#8221;4.27.3&#8243; _module_preset=&#8221;default&#8221; global_colors_info=&#8221;{}&#8221;][\/et_pb_column][\/et_pb_row][et_pb_row column_structure=&#8221;1_2,1_2&#8243; module_class=&#8221;freightcalculator&#8221; _builder_version=&#8221;4.27.2&#8243; _module_preset=&#8221;default&#8221; min_height=&#8221;319.6px&#8221; custom_margin=&#8221;-2px|auto||auto||&#8221; custom_padding=&#8221;||15px|||&#8221; global_colors_info=&#8221;{}&#8221;][et_pb_column type=&#8221;1_2&#8243; _builder_version=&#8221;4.22.0&#8243; _module_preset=&#8221;default&#8221; global_colors_info=&#8221;{}&#8221;][et_pb_image src=&#8221;https:\/\/circle2learning.eu\/wp-content\/uploads\/2024\/12\/Agric-tool-1.png&#8221; title_text=&#8221;Agric tool 1&#8243; _builder_version=&#8221;4.27.4&#8243; _module_preset=&#8221;default&#8221; width=&#8221;83%&#8221; min_height=&#8221;260.6px&#8221; height=&#8221;152px&#8221; global_colors_info=&#8221;{}&#8221;][\/et_pb_image][\/et_pb_column][et_pb_column type=&#8221;1_2&#8243; _builder_version=&#8221;4.22.0&#8243; _module_preset=&#8221;default&#8221; global_colors_info=&#8221;{}&#8221;][et_pb_text _builder_version=&#8221;4.27.4&#8243; _module_preset=&#8221;default&#8221; custom_padding=&#8221;|||0px||&#8221; hover_enabled=&#8221;0&#8243; global_colors_info=&#8221;{}&#8221; sticky_enabled=&#8221;0&#8243;]<\/p>\n<h4><strong>Tar\u0131msal Faaliyet Emisyonlar\u0131<\/strong><\/h4>\n<p>Ara\u00e7, en yayg\u0131n tar\u0131msal faaliyetler aras\u0131ndan en yayg\u0131n Sera Gaz\u0131 (GHG) emisyonlar\u0131n\u0131, bunlar\u0131n etkilerini vurguluyor ve bunlar\u0131n etkilerini en aza indirmek i\u00e7in d\u00f6ng\u00fcsel \u00e7\u00f6z\u00fcmler \u00f6neriyor.<\/p>\n<p>[\/et_pb_text][\/et_pb_column][\/et_pb_row][et_pb_row column_structure=&#8221;1_2,1_2&#8243; _builder_version=&#8221;4.27.3&#8243; _module_preset=&#8221;default&#8221; global_colors_info=&#8221;{}&#8221;][et_pb_column type=&#8221;1_2&#8243; _builder_version=&#8221;4.27.3&#8243; _module_preset=&#8221;default&#8221; global_colors_info=&#8221;{}&#8221;][et_pb_image src=&#8221;https:\/\/circle2learning.eu\/wp-content\/uploads\/2024\/12\/small-steps.png&#8221; title_text=&#8221;small steps&#8221; _builder_version=&#8221;4.27.4&#8243; _module_preset=&#8221;default&#8221; global_colors_info=&#8221;{}&#8221;][\/et_pb_image][\/et_pb_column][et_pb_column type=&#8221;1_2&#8243; _builder_version=&#8221;4.27.3&#8243; _module_preset=&#8221;default&#8221; global_colors_info=&#8221;{}&#8221;][et_pb_text _builder_version=&#8221;4.27.4&#8243; _module_preset=&#8221;default&#8221; global_colors_info=&#8221;{}&#8221;]<\/p>\n<h4><strong>S\u00fcrd\u00fcr\u00fclebilir tar\u0131mda k\u00fc\u00e7\u00fck ad\u0131mlar atmak<\/strong><\/h4>\n<p>K\u00fc\u00e7\u00fck hedefli ad\u0131mlar bile \u00e7ift\u00e7ilik uygulamalar\u0131n\u0131n \u00e7evresel etkisini iyile\u015ftirmek i\u00e7in fark yaratabilir. Yayg\u0131n olarak yeti\u015ftirilen bitkileri ele alan uygulama, kullan\u0131c\u0131y\u0131 su kullan\u0131m\u0131n\u0131, mal\u00e7lamay\u0131 ve bitki art\u0131klar\u0131n\u0131 veya kalan bitkileri kompostlamay\u0131 se\u00e7meye te\u015fvik eder.<\/p>\n<p>[\/et_pb_text][\/et_pb_column][\/et_pb_row][et_pb_row column_structure=&#8221;1_2,1_2&#8243; module_class=&#8221;freightcalculator&#8221; _builder_version=&#8221;4.27.2&#8243; _module_preset=&#8221;default&#8221; min_height=&#8221;319.6px&#8221; custom_margin=&#8221;-2px|auto||auto||&#8221; custom_padding=&#8221;||15px|||&#8221; link_option_url_new_window=&#8221;on&#8221; custom_css_free_form=&#8221;.freightcalculator {||  transition: all 0.3s ease-in-out;||}||||.freightcalculator:hover {||  transform: scale(1.01);||}&#8221; global_colors_info=&#8221;{}&#8221;][et_pb_column type=&#8221;1_2&#8243; _builder_version=&#8221;4.22.0&#8243; _module_preset=&#8221;default&#8221; global_colors_info=&#8221;{}&#8221;][et_pb_image src=&#8221;https:\/\/circle2learning.eu\/wp-content\/uploads\/2024\/12\/cows-forest-scaled.jpeg&#8221; alt=&#8221;Freight Calculator&#8221; title_text=&#8221;Small herd of cows grazing in organic pasture field&#8221; url=&#8221;https:\/\/circle2learning.eu\/freight-calculator\/&#8221; url_new_window=&#8221;on&#8221; _builder_version=&#8221;4.27.4&#8243; _module_preset=&#8221;default&#8221; width=&#8221;100%&#8221; max_width=&#8221;80%&#8221; min_height=&#8221;100%&#8221; height=&#8221;100%&#8221; global_colors_info=&#8221;{}&#8221;][\/et_pb_image][\/et_pb_column][et_pb_column type=&#8221;1_2&#8243; _builder_version=&#8221;4.22.0&#8243; _module_preset=&#8221;default&#8221; global_colors_info=&#8221;{}&#8221;][et_pb_text _builder_version=&#8221;4.27.4&#8243; _module_preset=&#8221;default&#8221; custom_padding=&#8221;|||0px||&#8221; link_option_url_new_window=&#8221;on&#8221; global_colors_info=&#8221;{}&#8221;]<\/p>\n<h4><strong>Tar\u0131msal Emisyon Hesaplay\u0131c\u0131s\u0131<\/strong><\/h4>\n<p data-sourcepos=\"5:1-5:19\">Hayvanc\u0131l\u0131k ve ormanc\u0131l\u0131k y\u00f6netimi, iklim de\u011fi\u015fikli\u011fi \u00fczerinde olduk\u00e7a farkl\u0131 etkilere sahip olabilen iki \u00e7ift\u00e7ilik faaliyetidir. Bu tar\u0131msal emisyon hesaplay\u0131c\u0131s\u0131 bu iki \u00e7ift\u00e7ilik faaliyetine odaklan\u0131r ve kaba bir tahmin sa\u011flar. Arac\u0131n basitle\u015ftirilmi\u015f bir yakla\u015f\u0131m oldu\u011funu kabul ederken, hayvanc\u0131l\u0131\u011f\u0131n t\u00fcr\u00fcn\u00fc ve boyutunu se\u00e7meye ve bunlarla ili\u015fkili emisyonlar\u0131 tahmin etmeye olanak tan\u0131r. Ayr\u0131ca arazi kullan\u0131labilirli\u011fini ve ormanc\u0131l\u0131ktaki de\u011fi\u015fikli\u011fi se\u00e7mek, karbon yakalaman\u0131n ne \u00f6l\u00e7\u00fcde ger\u00e7ekle\u015fti\u011fini belirleyebilir.<\/p>\n<p>[\/et_pb_text][\/et_pb_column][\/et_pb_row][\/et_pb_section]<\/p>\n","protected":false},"excerpt":{"rendered":"<p>Tar\u0131m Kaynak Paketi 1Tar\u0131msal Faaliyet Emisyonlar\u0131 Ara\u00e7, en yayg\u0131n tar\u0131msal faaliyetler aras\u0131ndan en yayg\u0131n Sera Gaz\u0131 (GHG) emisyonlar\u0131n\u0131, bunlar\u0131n etkilerini vurguluyor ve bunlar\u0131n etkilerini en aza indirmek i\u00e7in d\u00f6ng\u00fcsel \u00e7\u00f6z\u00fcmler \u00f6neriyor.S\u00fcrd\u00fcr\u00fclebilir tar\u0131mda k\u00fc\u00e7\u00fck ad\u0131mlar atmak K\u00fc\u00e7\u00fck hedefli ad\u0131mlar bile \u00e7ift\u00e7ilik uygulamalar\u0131n\u0131n \u00e7evresel etkisini iyile\u015ftirmek i\u00e7in fark yaratabilir. Yayg\u0131n olarak yeti\u015ftirilen bitkileri ele alan uygulama, kullan\u0131c\u0131y\u0131 [&hellip;]<\/p>\n","protected":false},"author":2,"featured_media":0,"parent":0,"menu_order":0,"comment_status":"closed","ping_status":"closed","template":"","meta":{"_et_pb_use_builder":"on","_et_pb_old_content":"","_et_gb_content_width":"","footnotes":""},"class_list":["post-590","page","type-page","status-publish","hentry"],"_links":{"self":[{"href":"https:\/\/circle2learning.eu\/tr\/wp-json\/wp\/v2\/pages\/590","targetHints":{"allow":["GET"]}}],"collection":[{"href":"https:\/\/circle2learning.eu\/tr\/wp-json\/wp\/v2\/pages"}],"about":[{"href":"https:\/\/circle2learning.eu\/tr\/wp-json\/wp\/v2\/types\/page"}],"author":[{"embeddable":true,"href":"https:\/\/circle2learning.eu\/tr\/wp-json\/wp\/v2\/users\/2"}],"replies":[{"embeddable":true,"href":"https:\/\/circle2learning.eu\/tr\/wp-json\/wp\/v2\/comments?post=590"}],"version-history":[{"count":8,"href":"https:\/\/circle2learning.eu\/tr\/wp-json\/wp\/v2\/pages\/590\/revisions"}],"predecessor-version":[{"id":1199,"href":"https:\/\/circle2learning.eu\/tr\/wp-json\/wp\/v2\/pages\/590\/revisions\/1199"}],"wp:attachment":[{"href":"https:\/\/circle2learning.eu\/tr\/wp-json\/wp\/v2\/media?parent=590"}],"curies":[{"name":"wp","href":"https:\/\/api.w.org\/{rel}","templated":true}]}}