{"id":594,"date":"2023-07-04T10:31:18","date_gmt":"2023-07-04T10:31:18","guid":{"rendered":"https:\/\/circle2learning.eu\/tr\/?page_id=594"},"modified":"2025-01-28T14:02:34","modified_gmt":"2025-01-28T14:02:34","slug":"agriculture-resource-pack-2","status":"publish","type":"page","link":"https:\/\/circle2learning.eu\/tr\/agriculture-resource-pack-2\/","title":{"rendered":"Agriculture Resource Pack 2"},"content":{"rendered":"<p>[et_pb_section fb_built=&#8221;1&#8243; _builder_version=&#8221;4.21.0&#8243; _module_preset=&#8221;default&#8221; custom_padding=&#8221;||13px|||&#8221; locked=&#8221;off&#8221; global_colors_info=&#8221;{}&#8221;][et_pb_row column_structure=&#8221;1_2,1_2&#8243; _builder_version=&#8221;4.27.3&#8243; _module_preset=&#8221;default&#8221; global_colors_info=&#8221;{}&#8221;][et_pb_column type=&#8221;1_2&#8243; _builder_version=&#8221;4.27.3&#8243; _module_preset=&#8221;default&#8221; global_colors_info=&#8221;{}&#8221;][et_pb_text _builder_version=&#8221;4.27.4&#8243; _module_preset=&#8221;default&#8221; hover_enabled=&#8221;0&#8243; global_colors_info=&#8221;{}&#8221; sticky_enabled=&#8221;0&#8243;]<\/p>\n<h2><strong>Tar\u0131m Kaynak Paketi 2<\/strong><\/h2>\n<p>[\/et_pb_text][\/et_pb_column][et_pb_column type=&#8221;1_2&#8243; _builder_version=&#8221;4.27.3&#8243; _module_preset=&#8221;default&#8221; global_colors_info=&#8221;{}&#8221;][\/et_pb_column][\/et_pb_row][et_pb_row column_structure=&#8221;1_2,1_2&#8243; _builder_version=&#8221;4.27.3&#8243; _module_preset=&#8221;default&#8221; global_colors_info=&#8221;{}&#8221;][et_pb_column type=&#8221;1_2&#8243; _builder_version=&#8221;4.27.3&#8243; _module_preset=&#8221;default&#8221; global_colors_info=&#8221;{}&#8221;][et_pb_button button_url=&#8221;https:\/\/circle2learning.eu\/tr\/wp-content\/uploads\/2025\/01\/Agri-TR-RP2.zip&#8221; url_new_window=&#8221;on&#8221; button_text=&#8221;Tar\u0131m Kaynak Paketi 2 Y\u00fckle Zip dosyas\u0131 olarak&#8221; button_alignment=&#8221;center&#8221; _builder_version=&#8221;4.27.4&#8243; _module_preset=&#8221;default&#8221; z_index=&#8221;0&#8243; hover_enabled=&#8221;0&#8243; custom_css_before=&#8221;et-download-button&#8221; locked=&#8221;off&#8221; global_colors_info=&#8221;{}&#8221; sticky_enabled=&#8221;0&#8243;][\/et_pb_button][\/et_pb_column][et_pb_column type=&#8221;1_2&#8243; _builder_version=&#8221;4.27.3&#8243; _module_preset=&#8221;default&#8221; global_colors_info=&#8221;{}&#8221;][\/et_pb_column][\/et_pb_row][et_pb_row column_structure=&#8221;1_2,1_2&#8243; module_class=&#8221;freightcalculator&#8221; _builder_version=&#8221;4.27.2&#8243; _module_preset=&#8221;default&#8221; min_height=&#8221;319.6px&#8221; custom_margin=&#8221;-2px|auto||auto||&#8221; custom_padding=&#8221;||15px|||&#8221; global_colors_info=&#8221;{}&#8221;][et_pb_column type=&#8221;1_2&#8243; _builder_version=&#8221;4.22.0&#8243; _module_preset=&#8221;default&#8221; global_colors_info=&#8221;{}&#8221;][et_pb_image src=&#8221;https:\/\/circle2learning.eu\/wp-content\/uploads\/2024\/12\/Dairy-farm-practices.png&#8221; title_text=&#8221;Dairy farm practices&#8221; align=&#8221;center&#8221; _builder_version=&#8221;4.27.4&#8243; _module_preset=&#8221;default&#8221; width=&#8221;83%&#8221; min_height=&#8221;260.6px&#8221; height=&#8221;152px&#8221; global_colors_info=&#8221;{}&#8221;][\/et_pb_image][\/et_pb_column][et_pb_column type=&#8221;1_2&#8243; _builder_version=&#8221;4.22.0&#8243; _module_preset=&#8221;default&#8221; global_colors_info=&#8221;{}&#8221;][et_pb_text _builder_version=&#8221;4.27.4&#8243; _module_preset=&#8221;default&#8221; custom_padding=&#8221;|||0px||&#8221; hover_enabled=&#8221;0&#8243; global_colors_info=&#8221;{}&#8221; sticky_enabled=&#8221;0&#8243;]<\/p>\n<h4><strong>S\u00fct \u00e7ift\u00e7ili\u011finde yan \u00fcr\u00fcnlerin kullan\u0131m\u0131<\/strong><\/h4>\n<p>S\u00fct \u00e7iftli\u011fi s\u00fct \u00fcretimine odaklanm\u0131\u015f olsa da, sa\u011f\u0131m faaliyetleri sonucunda \u00e7iftlikte ortaya \u00e7\u0131kan ba\u015fka malzemeler de vard\u0131r. Bunlara s\u0131v\u0131 at\u0131k sular ve g\u00fcbre dahildir. Bunlar\u0131n y\u00f6netimi dikkatli bir de\u011ferlendirme gerektirir ancak besin a\u00e7\u0131s\u0131ndan zengindir, do\u011fru i\u015flemle do\u011fal g\u00fcbre olarak topra\u011fa geri d\u00f6nd\u00fcr\u00fclebilir. Arac\u0131 deneyin ve se\u00e7enekleri ke\u015ffedin. Dosya html bi\u00e7imindedir ve tercih etti\u011finiz taray\u0131c\u0131da a\u00e7\u0131lmal\u0131d\u0131r.<\/p>\n<p>[\/et_pb_text][\/et_pb_column][\/et_pb_row][et_pb_row column_structure=&#8221;1_2,1_2&#8243; _builder_version=&#8221;4.27.3&#8243; _module_preset=&#8221;default&#8221; global_colors_info=&#8221;{}&#8221;][et_pb_column type=&#8221;1_2&#8243; _builder_version=&#8221;4.27.3&#8243; _module_preset=&#8221;default&#8221; global_colors_info=&#8221;{}&#8221;][et_pb_image src=&#8221;https:\/\/circle2learning.eu\/wp-content\/uploads\/2025\/01\/food-waste-avoidance.jpg&#8221; title_text=&#8221;food waste avoidance&#8221; _builder_version=&#8221;4.27.4&#8243; _module_preset=&#8221;default&#8221; global_colors_info=&#8221;{}&#8221;][\/et_pb_image][\/et_pb_column][et_pb_column type=&#8221;1_2&#8243; _builder_version=&#8221;4.27.3&#8243; _module_preset=&#8221;default&#8221; global_colors_info=&#8221;{}&#8221;][et_pb_text _builder_version=&#8221;4.27.4&#8243; _module_preset=&#8221;default&#8221; hover_enabled=&#8221;0&#8243; global_colors_info=&#8221;{}&#8221; sticky_enabled=&#8221;0&#8243;]<\/p>\n<h4><strong>\u00c7iftlik d\u00fczeyinde israf\u0131n \u00f6nlenmesi<\/strong><\/h4>\n<p>\u00c7ift\u00e7ilik, g\u0131da zincirinin ba\u015flang\u0131c\u0131ndad\u0131r, ancak burada tar\u0131msal at\u0131\u011f\u0131 azaltma ve g\u0131da at\u0131\u011f\u0131 \u00fcretimini \u00f6nleme f\u0131rsatlar\u0131 vard\u0131r. Bu anketi deneyin ve \u00e7iftlik d\u00fczeyinde s\u00fcrd\u00fcr\u00fclebilirlik ve d\u00f6ng\u00fcsel ekonomi g\u00fcndemini ne kadar iyi ilerletti\u011finizi g\u00f6r\u00fcn.<\/p>\n<p>[\/et_pb_text][\/et_pb_column][\/et_pb_row][et_pb_row column_structure=&#8221;1_2,1_2&#8243; module_class=&#8221;freightcalculator&#8221; _builder_version=&#8221;4.27.2&#8243; _module_preset=&#8221;default&#8221; min_height=&#8221;319.6px&#8221; custom_margin=&#8221;-2px|auto||auto||&#8221; custom_padding=&#8221;||15px|||&#8221; link_option_url_new_window=&#8221;on&#8221; custom_css_free_form=&#8221;.freightcalculator {||  transition: all 0.3s ease-in-out;||}||||.freightcalculator:hover {||  transform: scale(1.01);||}&#8221; global_colors_info=&#8221;{}&#8221;][et_pb_column type=&#8221;1_2&#8243; _builder_version=&#8221;4.22.0&#8243; _module_preset=&#8221;default&#8221; global_colors_info=&#8221;{}&#8221;][et_pb_image src=&#8221;https:\/\/circle2learning.eu\/wp-content\/uploads\/2025\/01\/food-hunger.png&#8221; alt=&#8221;Freight Calculator&#8221; title_text=&#8221;food hunger&#8221; url=&#8221;https:\/\/circle2learning.eu\/freight-calculator\/&#8221; url_new_window=&#8221;on&#8221; align=&#8221;center&#8221; _builder_version=&#8221;4.27.4&#8243; _module_preset=&#8221;default&#8221; width=&#8221;100%&#8221; max_width=&#8221;80%&#8221; min_height=&#8221;100%&#8221; height=&#8221;100%&#8221; global_colors_info=&#8221;{}&#8221;][\/et_pb_image][\/et_pb_column][et_pb_column type=&#8221;1_2&#8243; _builder_version=&#8221;4.22.0&#8243; _module_preset=&#8221;default&#8221; global_colors_info=&#8221;{}&#8221;][et_pb_text _builder_version=&#8221;4.27.4&#8243; _module_preset=&#8221;default&#8221; custom_padding=&#8221;|||0px||&#8221; link_option_url_new_window=&#8221;on&#8221; hover_enabled=&#8221;0&#8243; global_colors_info=&#8221;{}&#8221; sticky_enabled=&#8221;0&#8243;]<\/p>\n<h4><strong>G\u0131da g\u00fcvenli\u011fi ve d\u00f6ng\u00fcsel tar\u0131m &#8211; S\u0131n\u0131f egzersizleri<\/strong><\/h4>\n<p data-sourcepos=\"5:1-5:19\">Bu ara\u00e7, \u00f6\u011frenci ve \u00f6\u011fretmenlerin s\u0131n\u0131f ortam\u0131nda kullanabilecekleri \u00fc\u00e7 egzersizi a\u00e7\u0131klamaktad\u0131r. Tar\u0131m ve a\u00e7l\u0131k aras\u0131ndaki ili\u015fkiye dair \u00fc\u00e7 \u00f6nde gelen makale sunulmaktad\u0131r; bunlar\u0131n farkl\u0131 dilleri sa\u011flanan ba\u011flant\u0131larda bulunabilir. Daha sonra \u00f6\u011frencilerden \u00e7ift\u00e7ilikten ve k\u00fcresel g\u0131da gereksinimlerini kar\u015f\u0131lamaktan kaynaklanan sorunlar\u0131 tart\u0131\u015fmalar\u0131 istenir. Bir Word belgesi ve bir s\u0131n\u0131f sunumu sa\u011flan\u0131r.<\/p>\n<p>[\/et_pb_text][\/et_pb_column][\/et_pb_row][et_pb_row column_structure=&#8221;1_2,1_2&#8243; _builder_version=&#8221;4.27.3&#8243; _module_preset=&#8221;default&#8221; locked=&#8221;off&#8221; global_colors_info=&#8221;{}&#8221;][et_pb_column type=&#8221;1_2&#8243; _builder_version=&#8221;4.27.3&#8243; _module_preset=&#8221;default&#8221; global_colors_info=&#8221;{}&#8221;][et_pb_image src=&#8221;https:\/\/circle2learning.eu\/wp-content\/uploads\/2025\/01\/agri-image-v2.png&#8221; title_text=&#8221;agri image v2&#8243; _builder_version=&#8221;4.27.4&#8243; _module_preset=&#8221;default&#8221; global_colors_info=&#8221;{}&#8221;][\/et_pb_image][\/et_pb_column][et_pb_column type=&#8221;1_2&#8243; _builder_version=&#8221;4.27.3&#8243; _module_preset=&#8221;default&#8221; global_colors_info=&#8221;{}&#8221;][et_pb_text _builder_version=&#8221;4.27.4&#8243; _module_preset=&#8221;default&#8221; hover_enabled=&#8221;0&#8243; global_colors_info=&#8221;{}&#8221; sticky_enabled=&#8221;0&#8243;]<\/p>\n<h4><strong>D\u00f6ng\u00fcsel ekonomi d\u00fc\u015f\u00fcncesini tar\u0131ma uygulay\u0131n m\u0131? &#8211; bilgi arac\u0131n\u0131 deneyin<\/strong><\/h4>\n<p>Bu proje, tar\u0131m sekt\u00f6r\u00fcn\u00fcn s\u00fcrd\u00fcr\u00fclebilirli\u011fi, d\u00f6ng\u00fcsel ekonomiyi ve \u00f6nemli bir Avrupa sekt\u00f6r\u00fcyle ili\u015fkili karbon emisyonlar\u0131n\u0131 azaltma kapsam\u0131n\u0131 te\u015fvik etmede alabilece\u011fi \u00f6nemli kararlardan baz\u0131lar\u0131n\u0131 vurgulad\u0131. Bu basit bilgi arac\u0131 egzersizinde bilginizi test edin.<\/p>\n<p>[\/et_pb_text][\/et_pb_column][\/et_pb_row][\/et_pb_section]<\/p>\n","protected":false},"excerpt":{"rendered":"<p>Tar\u0131m Kaynak Paketi 2S\u00fct \u00e7ift\u00e7ili\u011finde yan \u00fcr\u00fcnlerin kullan\u0131m\u0131 S\u00fct \u00e7iftli\u011fi s\u00fct \u00fcretimine odaklanm\u0131\u015f olsa da, sa\u011f\u0131m faaliyetleri sonucunda \u00e7iftlikte ortaya \u00e7\u0131kan ba\u015fka malzemeler de vard\u0131r. Bunlara s\u0131v\u0131 at\u0131k sular ve g\u00fcbre dahildir. Bunlar\u0131n y\u00f6netimi dikkatli bir de\u011ferlendirme gerektirir ancak besin a\u00e7\u0131s\u0131ndan zengindir, do\u011fru i\u015flemle do\u011fal g\u00fcbre olarak topra\u011fa geri d\u00f6nd\u00fcr\u00fclebilir. Arac\u0131 deneyin ve se\u00e7enekleri ke\u015ffedin. [&hellip;]<\/p>\n","protected":false},"author":2,"featured_media":0,"parent":0,"menu_order":0,"comment_status":"closed","ping_status":"closed","template":"","meta":{"_et_pb_use_builder":"on","_et_pb_old_content":"","_et_gb_content_width":"","footnotes":""},"class_list":["post-594","page","type-page","status-publish","hentry"],"_links":{"self":[{"href":"https:\/\/circle2learning.eu\/tr\/wp-json\/wp\/v2\/pages\/594","targetHints":{"allow":["GET"]}}],"collection":[{"href":"https:\/\/circle2learning.eu\/tr\/wp-json\/wp\/v2\/pages"}],"about":[{"href":"https:\/\/circle2learning.eu\/tr\/wp-json\/wp\/v2\/types\/page"}],"author":[{"embeddable":true,"href":"https:\/\/circle2learning.eu\/tr\/wp-json\/wp\/v2\/users\/2"}],"replies":[{"embeddable":true,"href":"https:\/\/circle2learning.eu\/tr\/wp-json\/wp\/v2\/comments?post=594"}],"version-history":[{"count":6,"href":"https:\/\/circle2learning.eu\/tr\/wp-json\/wp\/v2\/pages\/594\/revisions"}],"predecessor-version":[{"id":1198,"href":"https:\/\/circle2learning.eu\/tr\/wp-json\/wp\/v2\/pages\/594\/revisions\/1198"}],"wp:attachment":[{"href":"https:\/\/circle2learning.eu\/tr\/wp-json\/wp\/v2\/media?parent=594"}],"curies":[{"name":"wp","href":"https:\/\/api.w.org\/{rel}","templated":true}]}}