{"id":660,"date":"2023-08-02T09:43:36","date_gmt":"2023-08-02T09:43:36","guid":{"rendered":"https:\/\/circle2learning.eu\/tr\/?page_id=660"},"modified":"2025-01-28T06:10:22","modified_gmt":"2025-01-28T06:10:22","slug":"agriculture-and-production","status":"publish","type":"page","link":"https:\/\/circle2learning.eu\/tr\/agriculture-and-production\/","title":{"rendered":"Agriculture and Production"},"content":{"rendered":"<p>[et_pb_section fb_built=&#8221;1&#8243; _builder_version=&#8221;4.21.0&#8243; _module_preset=&#8221;default&#8221; global_colors_info=&#8221;{}&#8221;][et_pb_row _builder_version=&#8221;4.21.0&#8243; _module_preset=&#8221;default&#8221; global_colors_info=&#8221;{}&#8221;][et_pb_column type=&#8221;4_4&#8243; _builder_version=&#8221;4.21.0&#8243; _module_preset=&#8221;default&#8221; global_colors_info=&#8221;{}&#8221;][et_pb_text _builder_version=&#8221;4.27.3&#8243; _module_preset=&#8221;default&#8221; global_colors_info=&#8221;{}&#8221;]<\/p>\n<h1><strong>G\u0131da \u0130sraf\u0131n\u0131n \u00d6nlenmesi &#8211; \u00dcretim A\u015famas\u0131<\/strong><\/h1>\n<p>[\/et_pb_text][et_pb_video src=&#8221;https:\/\/youtu.be\/nG7YksuW4cs?si=MMTFniaAm-Vp8MQH&#8221; _builder_version=&#8221;4.27.3&#8243; _module_preset=&#8221;default&#8221; global_colors_info=&#8221;{}&#8221;][\/et_pb_video][et_pb_button button_text=&#8221;Video Metnini Buradan \u0130ndirin&#8221; button_alignment=&#8221;center&#8221; _builder_version=&#8221;4.27.4&#8243; _module_preset=&#8221;default&#8221; hover_enabled=&#8221;0&#8243; global_colors_info=&#8221;{}&#8221; button_url=&#8221;https:\/\/circle2learning.eu\/tr\/wp-content\/uploads\/2025\/01\/CIRCLE2_Interview.Agri_Slovenya.pdf&#8221; sticky_enabled=&#8221;0&#8243;][\/et_pb_button][et_pb_text _builder_version=&#8221;4.27.3&#8243; _module_preset=&#8221;default&#8221; global_colors_info=&#8221;{}&#8221;]<\/p>\n<p><span><div class=\"h5p-iframe-wrapper\"><iframe id=\"h5p-iframe-22\" class=\"h5p-iframe\" data-content-id=\"22\" style=\"height:1px\" src=\"about:blank\" frameBorder=\"0\" scrolling=\"no\" title=\"G\u0131da \u0130sraf\u0131n\u0131n \u00d6nlenmesi - \u00dcretim A\u015famas\u0131\"><\/iframe><\/div><\/span><\/p>\n<p>[\/et_pb_text][\/et_pb_column][\/et_pb_row][\/et_pb_section]<\/p>\n","protected":false},"excerpt":{"rendered":"<p>G\u0131da \u0130sraf\u0131n\u0131n \u00d6nlenmesi &#8211; \u00dcretim A\u015famas\u0131<div class=\"h5p-iframe-wrapper\"><iframe id=\"h5p-iframe-22\" class=\"h5p-iframe\" data-content-id=\"22\" style=\"height:1px\" src=\"about:blank\" frameBorder=\"0\" scrolling=\"no\" title=\"G\u0131da \u0130sraf\u0131n\u0131n \u00d6nlenmesi - \u00dcretim A\u015famas\u0131\"><\/iframe><\/div><\/p>\n","protected":false},"author":2,"featured_media":0,"parent":0,"menu_order":0,"comment_status":"closed","ping_status":"closed","template":"","meta":{"_et_pb_use_builder":"on","_et_pb_old_content":"","_et_gb_content_width":"","footnotes":""},"class_list":["post-660","page","type-page","status-publish","hentry"],"_links":{"self":[{"href":"https:\/\/circle2learning.eu\/tr\/wp-json\/wp\/v2\/pages\/660","targetHints":{"allow":["GET"]}}],"collection":[{"href":"https:\/\/circle2learning.eu\/tr\/wp-json\/wp\/v2\/pages"}],"about":[{"href":"https:\/\/circle2learning.eu\/tr\/wp-json\/wp\/v2\/types\/page"}],"author":[{"embeddable":true,"href":"https:\/\/circle2learning.eu\/tr\/wp-json\/wp\/v2\/users\/2"}],"replies":[{"embeddable":true,"href":"https:\/\/circle2learning.eu\/tr\/wp-json\/wp\/v2\/comments?post=660"}],"version-history":[{"count":6,"href":"https:\/\/circle2learning.eu\/tr\/wp-json\/wp\/v2\/pages\/660\/revisions"}],"predecessor-version":[{"id":1183,"href":"https:\/\/circle2learning.eu\/tr\/wp-json\/wp\/v2\/pages\/660\/revisions\/1183"}],"wp:attachment":[{"href":"https:\/\/circle2learning.eu\/tr\/wp-json\/wp\/v2\/media?parent=660"}],"curies":[{"name":"wp","href":"https:\/\/api.w.org\/{rel}","templated":true}]}}