{"id":67,"date":"2023-02-28T17:56:29","date_gmt":"2023-02-28T17:56:29","guid":{"rendered":"https:\/\/circle2learning.eu\/tr\/?page_id=67"},"modified":"2025-02-07T15:08:52","modified_gmt":"2025-02-07T15:08:52","slug":"tourism","status":"publish","type":"page","link":"https:\/\/circle2learning.eu\/tr\/tourism\/","title":{"rendered":"Turizm"},"content":{"rendered":"<p>[et_pb_section fb_built=&#8221;1&#8243; fullwidth=&#8221;on&#8221; _builder_version=&#8221;4.19.5&#8243; _module_preset=&#8221;default&#8221; global_colors_info=&#8221;{}&#8221;][et_pb_fullwidth_slider _builder_version=&#8221;4.21.0&#8243; _module_preset=&#8221;default&#8221; header_font=&#8221;|600|||||||&#8221; header_letter_spacing=&#8221;1px&#8221; header_line_height=&#8221;1.1em&#8221; body_font=&#8221;|600|||||||&#8221; body_font_size=&#8221;18px&#8221; body_letter_spacing=&#8221;1px&#8221; body_line_height=&#8221;1.8em&#8221; global_colors_info=&#8221;{}&#8221;][et_pb_slide heading=&#8221;Turizm&#8221; image=&#8221;https:\/\/circle2learning.eu\/tr\/wp-content\/uploads\/2023\/02\/beach-gd8e66c392_1280.jpg&#8221; _builder_version=&#8221;4.20.4&#8243; _module_preset=&#8221;default&#8221; global_colors_info=&#8221;{}&#8221; sticky_transition=&#8221;on&#8221;]<\/p>\n<blockquote>\n<p>Turizm end\u00fcstrisi, d\u00fcnya \u00e7ap\u0131nda milyonlarca insana istihdam ve gelir sa\u011flayan, k\u00fcresel ekonomiye \u00f6nemli bir katk\u0131 sa\u011flayan bir sekt\u00f6rd\u00fcr. Ayn\u0131 zamanda k\u00fclt\u00fcrler aras\u0131 anlay\u0131\u015f\u0131 te\u015fvik etme ve s\u00fcrd\u00fcr\u00fclebilir kalk\u0131nmay\u0131 te\u015fvik etme potansiyeline de sahiptir. Bu b\u00f6l\u00fcmde d\u00f6ng\u00fcsel ekonomi ve turizm ele al\u0131nmaktad\u0131r.<\/p>\n<\/blockquote>\n<p>[\/et_pb_slide][\/et_pb_fullwidth_slider][\/et_pb_section][et_pb_section fb_built=&#8221;1&#8243; specialty=&#8221;on&#8221; admin_label=&#8221;All Courses&#8221; _builder_version=&#8221;4.16&#8243; custom_padding=&#8221;100px|0px|100px|0px&#8221; global_colors_info=&#8221;{}&#8221;][et_pb_column type=&#8221;1_3&#8243; _builder_version=&#8221;4.16&#8243; custom_padding=&#8221;|||&#8221; global_colors_info=&#8221;{}&#8221; parallax__hover=&#8221;off&#8221; parallax_method__hover=&#8221;on&#8221; custom_padding__hover=&#8221;|||&#8221;][et_pb_text _builder_version=&#8221;4.16&#8243; header_font=&#8221;||||||||&#8221; header_2_font=&#8221;|700|||||||&#8221; header_2_text_color=&#8221;#7272ff&#8221; header_2_font_size=&#8221;36px&#8221; header_2_line_height=&#8221;1.3em&#8221; custom_margin=&#8221;||20px|&#8221; animation_style=&#8221;slide&#8221; animation_direction=&#8221;bottom&#8221; animation_intensity_slide=&#8221;10%&#8221; locked=&#8221;off&#8221; global_colors_info=&#8221;{}&#8221; header_font_size__hover=&#8221;30px&#8221; header_font_size__hover_enabled=&#8221;30px&#8221; header_letter_spacing__hover=&#8221;0px&#8221; header_letter_spacing__hover_enabled=&#8221;0px&#8221; header_text_shadow_style__hover=&#8221;none&#8221; header_text_shadow_style__hover_enabled=&#8221;none&#8221; header_text_shadow_color__hover=&#8221;rgba(0,0,0,0.4)&#8221; header_text_shadow_color__hover_enabled=&#8221;rgba(0,0,0,0.4)&#8221;]<\/p>\n<h2>D\u00f6ng\u00fcsel Ekonomi ve Turizm Ders Birimleri<\/h2>\n<p>[\/et_pb_text][et_pb_divider color=&#8221;#09e1c0&#8243; divider_weight=&#8221;4px&#8221; disabled_on=&#8221;on|on|off&#8221; _builder_version=&#8221;4.16&#8243; background_size=&#8221;initial&#8221; background_position=&#8221;top_left&#8221; background_repeat=&#8221;repeat&#8221; max_width=&#8221;40px&#8221; module_alignment=&#8221;left&#8221; custom_margin=&#8221;||10px|&#8221; animation_style=&#8221;zoom&#8221; animation_direction=&#8221;left&#8221; saved_tabs=&#8221;all&#8221; locked=&#8221;off&#8221; global_colors_info=&#8221;{}&#8221;][\/et_pb_divider][et_pb_text _builder_version=&#8221;4.21.0&#8243; text_font=&#8221;||||||||&#8221; text_text_color=&#8221;#8585bd&#8221; text_font_size=&#8221;16px&#8221; text_line_height=&#8221;1.9em&#8221; header_font=&#8221;||||||||&#8221; header_4_font=&#8221;|700|||||||&#8221; header_4_font_size=&#8221;16px&#8221; header_4_line_height=&#8221;1.9em&#8221; animation_style=&#8221;zoom&#8221; animation_intensity_zoom=&#8221;6%&#8221; locked=&#8221;off&#8221; global_colors_info=&#8221;{}&#8221;]<\/p>\n<h4>Turizm sekt\u00f6r\u00fc farkl\u0131 becerilere sahip \u00e7ok say\u0131da insan\u0131 istihdam etmektedir.<\/h4>\n<p><span style=\"color: #000000;\">Avrupa genelinde turizm end\u00fcstrisi b\u00fcy\u00fck bir istihdam sekt\u00f6r\u00fcd\u00fcr. D\u00f6ng\u00fcsel ekonomi, \u00d6\u011frenciler ve mesleki e\u011fitimciler i\u00e7in s\u00fcrd\u00fcr\u00fclebilirli\u011fi ve d\u00f6ng\u00fcsel ekonomiyi yapt\u0131klar\u0131 i\u015fin merkezine koymalar\u0131 i\u00e7in bir f\u0131rsatt\u0131r. Her sekt\u00f6r daha az at\u0131k i\u00e7eren, karbon etkisini azaltan ve enerji a\u00e7\u0131s\u0131ndan daha verimli yeni \u00e7al\u0131\u015fma y\u00f6ntemleri tan\u0131mlayabilir.<\/span><\/p>\n<p>[\/et_pb_text][et_pb_divider divider_weight=&#8221;4px&#8221; _builder_version=&#8221;4.21.0&#8243; _module_preset=&#8221;default&#8221; global_colors_info=&#8221;{}&#8221;][\/et_pb_divider][et_pb_blurb title=&#8221;Kaynak Paketi 1&#8243; url=&#8221;https:\/\/circle2learning.eu\/tr\/tourism-resource-pack-1\/&#8221; image=&#8221;https:\/\/circle2learning.eu\/tr\/wp-content\/uploads\/2023\/06\/icons8-books-80.png&#8221; icon_placement=&#8221;left&#8221; image_icon_width=&#8221;180%&#8221; _builder_version=&#8221;4.21.0&#8243; _module_preset=&#8221;default&#8221; header_font=&#8221;|700|||||||&#8221; header_line_height=&#8221;1.5em&#8221; body_text_color=&#8221;#0C71C3&#8243; body_line_height=&#8221;1.9em&#8221; link_option_url=&#8221;https:\/\/circle2learning.eu\/tr\/tourism-resource-pack-1\/&#8221; global_colors_info=&#8221;{}&#8221;]<\/p>\n<p><span style=\"color: #000000;\">Bu paket \u00f6\u011frenciler taraf\u0131ndan bireysel olarak kullan\u0131labilir.<\/span><\/p>\n<p>[\/et_pb_blurb][et_pb_blurb title=&#8221;Kaynak Paketi 2&#8243; url=&#8221;https:\/\/circle2learning.eu\/tr\/tourism-resource-pack-2\/&#8221; image=&#8221;https:\/\/circle2learning.eu\/tr\/wp-content\/uploads\/2023\/06\/icons8-books-80.png&#8221; icon_placement=&#8221;left&#8221; image_icon_width=&#8221;180%&#8221; _builder_version=&#8221;4.21.0&#8243; _module_preset=&#8221;default&#8221; header_font=&#8221;|700|||||||&#8221; header_line_height=&#8221;1.5em&#8221; body_text_color=&#8221;#0C71C3&#8243; body_line_height=&#8221;1.9em&#8221; link_option_url=&#8221;https:\/\/circle2learning.eu\/tr\/tourism-resource-pack-2\/&#8221; global_colors_info=&#8221;{}&#8221;]<\/p>\n<p><span style=\"color: #000000;\">Bu paket \u00f6\u011frenciler taraf\u0131ndan bireysel olarak kullan\u0131labilir.<\/span><\/p>\n<p>[\/et_pb_blurb][et_pb_blurb title=&#8221;Turizm R\u00f6portajlar\u0131&#8221; url=&#8221;https:\/\/circle2learning.eu\/tr\/wp-content\/uploads\/2025\/02\/Turizm-Roportajlari_TR.pdf&#8221; url_new_window=&#8221;on&#8221; image=&#8221;https:\/\/circle2learning.eu\/tr\/wp-content\/uploads\/2023\/06\/icons8-books-80.png&#8221; icon_placement=&#8221;left&#8221; _builder_version=&#8221;4.27.4&#8243; _module_preset=&#8221;default&#8221; header_font=&#8221;|700|||||||&#8221; header_line_height=&#8221;1.5em&#8221; body_text_color=&#8221;#0C71C3&#8243; body_line_height=&#8221;1.9em&#8221; link_option_url=&#8221;https:\/\/circle2learning.eu\/tr\/wp-content\/uploads\/2025\/02\/Turizm-Roportajlari_TR.pdf&#8221; hover_enabled=&#8221;0&#8243; global_colors_info=&#8221;{}&#8221; link_option_url_new_window=&#8221;on&#8221; sticky_enabled=&#8221;0&#8243;]<\/p>\n<p><span style=\"color: #000000;\">Turizm i\u00e7in yap\u0131lan r\u00f6portajlar\u0131n derlemesi<\/span><\/p>\n<p>[\/et_pb_blurb][\/et_pb_column][et_pb_column type=&#8221;2_3&#8243; specialty_columns=&#8221;2&#8243; _builder_version=&#8221;4.16&#8243; custom_padding=&#8221;|||&#8221; global_colors_info=&#8221;{}&#8221; parallax__hover=&#8221;off&#8221; parallax_method__hover=&#8221;on&#8221; custom_padding__hover=&#8221;|||&#8221;][et_pb_row_inner use_custom_gutter=&#8221;on&#8221; gutter_width=&#8221;1&#8243; _builder_version=&#8221;4.19.5&#8243; width=&#8221;100%&#8221; custom_margin=&#8221;|106px||||&#8221; custom_padding=&#8221;0px|0px|0px|0px&#8221; animation_style=&#8221;zoom&#8221; animation_intensity_zoom=&#8221;6%&#8221; box_shadow_style=&#8221;preset1&#8243; box_shadow_vertical=&#8221;10px&#8221; box_shadow_blur=&#8221;60px&#8221; box_shadow_color=&#8221;rgba(71,74,182,0.12)&#8221; global_colors_info=&#8221;{}&#8221;][et_pb_column_inner saved_specialty_column_type=&#8221;2_3&#8243; module_class=&#8221;et_pb_column_1_2&#8243; _builder_version=&#8221;4.16&#8243; custom_padding=&#8221;|||&#8221; global_colors_info=&#8221;{}&#8221; parallax__hover=&#8221;off&#8221; parallax_method__hover=&#8221;on&#8221; module_class__hover=&#8221;et_pb_column_1_2&#8243; custom_padding__hover=&#8221;|||&#8221;][et_pb_blurb title=&#8221;1. Turizm ve DE &#8221; url=&#8221;https:\/\/circle2learning.eu\/tr\/tourism-1\/&#8221; image=&#8221;https:\/\/circle2learning.eu\/tr\/wp-content\/uploads\/2023\/03\/icons8-tourism-64.png&#8221; icon_placement=&#8221;left&#8221; image_icon_width=&#8221;64px&#8221; content_max_width=&#8221;1100px&#8221; _builder_version=&#8221;4.21.0&#8243; header_font=&#8221;|on|||&#8221; header_text_color=&#8221;#2e2545&#8243; header_line_height=&#8221;1.5em&#8221; body_text_color=&#8221;#8585bd&#8221; body_line_height=&#8221;1.9em&#8221; background_color=&#8221;#ffffff&#8221; width=&#8221;100%&#8221; custom_margin=&#8221;|||&#8221; custom_padding=&#8221;30px|30px|30px|30px&#8221; animation_style=&#8221;zoom&#8221; animation_direction=&#8221;bottom&#8221; animation_intensity_zoom=&#8221;20%&#8221; animation_starting_opacity=&#8221;100%&#8221; link_option_url=&#8221;https:\/\/circle2learning.eu\/tr\/tourism-1\/&#8221; box_shadow_style=&#8221;preset7&#8243; box_shadow_horizontal=&#8221;-1px&#8221; box_shadow_vertical=&#8221;-1px&#8221; box_shadow_color=&#8221;rgba(71,74,182,0.12)&#8221; image_max_width=&#8221;64px&#8221; locked=&#8221;off&#8221; global_colors_info=&#8221;{}&#8221;]<\/p>\n<p><a href=\"https:\/\/circle2learning.eu\/tr\/tourism-1\/\" target=\"_blank\" rel=\"noopener\"><\/a><span style=\"color: #000000;\">Turizm ve d\u00f6ng\u00fcsel ekonomi g\u00fcn\u00fcm\u00fcz d\u00fcnyas\u0131nda \u00f6nemi giderek artan iki kavramd\u0131r. D\u00f6ng\u00fcsel ekonomi ilkelerini benimsemenin \u00e7evresel ayak izini nas\u0131l azaltabilece\u011fini ve turizmde do\u011fal kaynaklar\u0131n korunmas\u0131na nas\u0131l katk\u0131da bulunabilece\u011fini \u00f6\u011frenin.<\/span><\/p>\n<p>[\/et_pb_blurb][et_pb_blurb title=&#8221;2. Konaklama ve Oteller ve DE&#8221; url=&#8221;https:\/\/circle2learning.eu\/tr\/tourism-2\/&#8221; image=&#8221;https:\/\/circle2learning.eu\/tr\/wp-content\/uploads\/2023\/03\/icons8-accomodation-64.png&#8221; icon_placement=&#8221;left&#8221; image_icon_width=&#8221;64px&#8221; content_max_width=&#8221;1100px&#8221; _builder_version=&#8221;4.21.0&#8243; header_font=&#8221;|on|||&#8221; header_text_color=&#8221;#2e2545&#8243; header_line_height=&#8221;1.5em&#8221; body_text_color=&#8221;#8585bd&#8221; body_line_height=&#8221;1.9em&#8221; background_color=&#8221;#ffffff&#8221; custom_margin=&#8221;|||&#8221; custom_padding=&#8221;30px|30px|30px|30px&#8221; animation_style=&#8221;zoom&#8221; animation_direction=&#8221;bottom&#8221; animation_intensity_zoom=&#8221;20%&#8221; animation_starting_opacity=&#8221;100%&#8221; link_option_url=&#8221;https:\/\/circle2learning.eu\/tr\/tourism-2\/&#8221; box_shadow_style=&#8221;preset7&#8243; box_shadow_horizontal=&#8221;-1px&#8221; box_shadow_vertical=&#8221;-1px&#8221; box_shadow_color=&#8221;rgba(71,74,182,0.12)&#8221; image_max_width=&#8221;64px&#8221; locked=&#8221;off&#8221; global_colors_info=&#8221;{}&#8221;]<\/p>\n<p><span style=\"color: #000000;\">D\u00f6ng\u00fcsel ekonomi ilkelerini uygulayarak oteller daha s\u00fcrd\u00fcr\u00fclebilir hale gelebilir. Otellerin \u00e7evresel etkilerini azaltmak, at\u0131k ve kirlili\u011fi en aza indirmek ve s\u00fcrd\u00fcr\u00fclebilir uygulamalar\u0131 te\u015fvik etmek i\u00e7in d\u00f6ng\u00fcsel ekonomi ilkelerini nas\u0131l benimseyebileceklerini \u00f6\u011frenin.<\/span><\/p>\n<p>[\/et_pb_blurb][et_pb_blurb title=&#8221;3. Konaklama ve Yemek ve DE&#8221; url=&#8221;https:\/\/circle2learning.eu\/tr\/tourism-3\/&#8221; image=&#8221;https:\/\/circle2learning.eu\/tr\/wp-content\/uploads\/2023\/03\/icons8-eating-64.png&#8221; icon_placement=&#8221;left&#8221; image_icon_width=&#8221;64px&#8221; content_max_width=&#8221;1100px&#8221; _builder_version=&#8221;4.21.0&#8243; header_font=&#8221;|on|||&#8221; header_text_color=&#8221;#2e2545&#8243; header_line_height=&#8221;1.5em&#8221; body_text_color=&#8221;#000000&#8243; body_line_height=&#8221;1.9em&#8221; background_color=&#8221;#ffffff&#8221; custom_margin=&#8221;|||&#8221; custom_padding=&#8221;30px|30px|30px|30px&#8221; animation_style=&#8221;zoom&#8221; animation_direction=&#8221;bottom&#8221; animation_intensity_zoom=&#8221;20%&#8221; animation_starting_opacity=&#8221;100%&#8221; link_option_url=&#8221;https:\/\/circle2learning.eu\/tr\/tourism-3\/&#8221; box_shadow_style=&#8221;preset7&#8243; box_shadow_horizontal=&#8221;-1px&#8221; box_shadow_vertical=&#8221;-1px&#8221; box_shadow_color=&#8221;rgba(71,74,182,0.12)&#8221; image_max_width=&#8221;64px&#8221; locked=&#8221;off&#8221; global_colors_info=&#8221;{}&#8221;]<\/p>\n<p>G\u0131da end\u00fcstrisi, \u00e7evresel etkisini azaltmak ve s\u00fcrd\u00fcr\u00fclebilirli\u011fi te\u015fvik etmek i\u00e7in d\u00f6ng\u00fcsel ekonomi ilkelerini benimseyebilir. G\u0131da end\u00fcstrisinin nas\u0131l daha s\u00fcrd\u00fcr\u00fclebilir hale gelebilece\u011fini, \u00e7evresel etkisini nas\u0131l azaltabilece\u011fini ve d\u00f6ng\u00fcsel ekonomi ilkelerini benimseyerek daha d\u00f6ng\u00fcsel bir ekonomiye ge\u00e7i\u015fi nas\u0131l destekleyebilece\u011fini \u00f6\u011frenin.<\/p>\n<p>[\/et_pb_blurb][et_pb_blurb title=&#8221;4. Turizm Ula\u015f\u0131m\u0131 ve DE&#8221; url=&#8221;https:\/\/circle2learning.eu\/tr\/tourism-4\/&#8221; image=&#8221;https:\/\/circle2learning.eu\/tr\/wp-content\/uploads\/2023\/03\/icons8-bus-64.png&#8221; icon_placement=&#8221;left&#8221; image_icon_width=&#8221;64px&#8221; content_max_width=&#8221;1100px&#8221; _builder_version=&#8221;4.21.0&#8243; header_font=&#8221;|on|||&#8221; header_text_color=&#8221;#2e2545&#8243; header_line_height=&#8221;1.5em&#8221; body_text_color=&#8221;#8585bd&#8221; body_line_height=&#8221;1.9em&#8221; background_color=&#8221;#ffffff&#8221; custom_margin=&#8221;|||&#8221; custom_padding=&#8221;30px|30px|30px|30px&#8221; animation_style=&#8221;zoom&#8221; animation_direction=&#8221;bottom&#8221; animation_intensity_zoom=&#8221;20%&#8221; animation_starting_opacity=&#8221;100%&#8221; link_option_url=&#8221;https:\/\/circle2learning.eu\/tr\/tourism-4\/&#8221; box_shadow_style=&#8221;preset7&#8243; box_shadow_horizontal=&#8221;-1px&#8221; box_shadow_vertical=&#8221;-1px&#8221; box_shadow_color=&#8221;rgba(71,74,182,0.12)&#8221; image_max_width=&#8221;64px&#8221; locked=&#8221;off&#8221; global_colors_info=&#8221;{}&#8221;]<\/p>\n<p><span style=\"color: #000000;\">Ula\u015ft\u0131rma, \u00e7evresel etkisini azaltmak ve s\u00fcrd\u00fcr\u00fclebilirli\u011fi te\u015fvik etmek i\u00e7in d\u00f6ng\u00fcsel ekonomi ilkelerini benimseyebilen \u00f6nemli bir sekt\u00f6rd\u00fcr. D\u00f6ng\u00fcsel ekonomi ilkelerini benimseyerek ula\u015f\u0131m sekt\u00f6r\u00fcn\u00fcn nas\u0131l daha s\u00fcrd\u00fcr\u00fclebilir hale gelebilece\u011fini, \u00e7evresel etkisini nas\u0131l azaltabilece\u011fini ve daha d\u00f6ng\u00fcsel bir ekonomiye ge\u00e7i\u015fi nas\u0131l destekleyebilece\u011fini \u00f6\u011frenin<\/span><\/p>\n<p>[\/et_pb_blurb][et_pb_text _builder_version=&#8221;4.21.0&#8243; _module_preset=&#8221;default&#8221; global_colors_info=&#8221;{}&#8221;][\/et_pb_text][et_pb_blurb title=&#8221;5. Turizm Etkinlikleri Y\u00f6netimi ve DE&#8221; url=&#8221;https:\/\/circle2learning.eu\/tr\/tourism-5\/&#8221; image=&#8221;https:\/\/circle2learning.eu\/tr\/wp-content\/uploads\/2023\/03\/icons8-party-48.png&#8221; icon_placement=&#8221;left&#8221; image_icon_width=&#8221;64px&#8221; content_max_width=&#8221;1100px&#8221; _builder_version=&#8221;4.21.0&#8243; header_font=&#8221;|on|||&#8221; header_text_color=&#8221;#2e2545&#8243; header_line_height=&#8221;1.5em&#8221; body_text_color=&#8221;#8585bd&#8221; body_line_height=&#8221;1.9em&#8221; background_color=&#8221;#ffffff&#8221; custom_margin=&#8221;|||&#8221; custom_padding=&#8221;30px|30px|30px|30px&#8221; animation_style=&#8221;zoom&#8221; animation_direction=&#8221;bottom&#8221; animation_intensity_zoom=&#8221;20%&#8221; animation_starting_opacity=&#8221;100%&#8221; link_option_url=&#8221;https:\/\/circle2learning.eu\/tr\/tourism-5\/&#8221; box_shadow_style=&#8221;preset7&#8243; box_shadow_horizontal=&#8221;-1px&#8221; box_shadow_vertical=&#8221;-1px&#8221; box_shadow_color=&#8221;rgba(71,74,182,0.12)&#8221; image_max_width=&#8221;64px&#8221; locked=&#8221;off&#8221; global_colors_info=&#8221;{}&#8221;]<\/p>\n<p><span style=\"color: #000000;\">Turizm etkinlikleri y\u00f6netimi, etkinliklerin \u00e7evresel etkilerini azaltmak, s\u00fcrd\u00fcr\u00fclebilirli\u011fi te\u015fvik etmek ve yerel topluluklar\u0131 desteklemek i\u00e7in d\u00f6ng\u00fcsel ekonomi ilkelerini benimseyebilir. Turizm etkinlikleri y\u00f6netimindeki d\u00f6ng\u00fcsel ekonomi ilkelerinin, s\u00fcrd\u00fcr\u00fclebilirli\u011fi destekleyen ve israf\u0131 azaltan yeni i\u015f modellerini nas\u0131l geli\u015ftirebilece\u011fini \u00f6\u011frenin.<\/span><\/p>\n<p>[\/et_pb_blurb][et_pb_blurb title=&#8221;6. \u0130lgi \u00c7ekici Yerler ve DE&#8221; url=&#8221;https:\/\/circle2learning.eu\/tr\/tourism-6\/&#8221; image=&#8221;https:\/\/circle2learning.eu\/tr\/wp-content\/uploads\/2023\/03\/icons8-map-marker-94.png&#8221; icon_placement=&#8221;left&#8221; image_icon_width=&#8221;64px&#8221; content_max_width=&#8221;1100px&#8221; _builder_version=&#8221;4.21.0&#8243; header_font=&#8221;|on|||&#8221; header_text_color=&#8221;#2e2545&#8243; header_line_height=&#8221;1.5em&#8221; body_text_color=&#8221;#000000&#8243; body_line_height=&#8221;1.9em&#8221; background_color=&#8221;#ffffff&#8221; custom_margin=&#8221;|||&#8221; custom_padding=&#8221;30px|30px|30px|30px&#8221; animation_style=&#8221;zoom&#8221; animation_direction=&#8221;bottom&#8221; animation_intensity_zoom=&#8221;20%&#8221; animation_starting_opacity=&#8221;100%&#8221; link_option_url=&#8221;https:\/\/circle2learning.eu\/tr\/tourism-6\/&#8221; box_shadow_style=&#8221;preset7&#8243; box_shadow_horizontal=&#8221;-1px&#8221; box_shadow_vertical=&#8221;-1px&#8221; box_shadow_color=&#8221;rgba(71,74,182,0.12)&#8221; image_max_width=&#8221;64px&#8221; locked=&#8221;off&#8221; global_colors_info=&#8221;{}&#8221;]<\/p>\n<p>Turistik mekanlar, k\u00fclt\u00fcrel alanlar ve do\u011fal rezervler gibi ilgi \u00e7ekici yerler, \u00e7evresel etkilerini azaltmak, s\u00fcrd\u00fcr\u00fclebilirli\u011fi te\u015fvik etmek ve yerel topluluklar\u0131 desteklemek i\u00e7in d\u00f6ng\u00fcsel ekonomi ilkelerini benimseyebilir. Bu yerlerin \u00e7evresel etkilerini nas\u0131l en aza indirebilece\u011fini ve do\u011fal kaynaklar\u0131n korunmas\u0131na nas\u0131l katk\u0131da bulunabilece\u011fini \u00f6\u011frenin.<\/p>\n<p>[\/et_pb_blurb][\/et_pb_column_inner][\/et_pb_row_inner][\/et_pb_column][\/et_pb_section]<\/p>\n","protected":false},"excerpt":{"rendered":"<p>Turizm end\u00fcstrisi, d\u00fcnya \u00e7ap\u0131nda milyonlarca insana istihdam ve gelir sa\u011flayan, k\u00fcresel ekonomiye \u00f6nemli bir katk\u0131 sa\u011flayan bir sekt\u00f6rd\u00fcr. Ayn\u0131 zamanda k\u00fclt\u00fcrler aras\u0131 anlay\u0131\u015f\u0131 te\u015fvik etme ve s\u00fcrd\u00fcr\u00fclebilir kalk\u0131nmay\u0131 te\u015fvik etme potansiyeline de sahiptir. Bu b\u00f6l\u00fcmde d\u00f6ng\u00fcsel ekonomi ve turizm ele al\u0131nmaktad\u0131r. D\u00f6ng\u00fcsel Ekonomi ve Turizm Ders BirimleriTurizm sekt\u00f6r\u00fc farkl\u0131 becerilere sahip \u00e7ok say\u0131da insan\u0131 istihdam [&hellip;]<\/p>\n","protected":false},"author":2,"featured_media":0,"parent":0,"menu_order":0,"comment_status":"closed","ping_status":"closed","template":"","meta":{"_et_pb_use_builder":"on","_et_pb_old_content":"","_et_gb_content_width":"","footnotes":""},"class_list":["post-67","page","type-page","status-publish","hentry"],"_links":{"self":[{"href":"https:\/\/circle2learning.eu\/tr\/wp-json\/wp\/v2\/pages\/67","targetHints":{"allow":["GET"]}}],"collection":[{"href":"https:\/\/circle2learning.eu\/tr\/wp-json\/wp\/v2\/pages"}],"about":[{"href":"https:\/\/circle2learning.eu\/tr\/wp-json\/wp\/v2\/types\/page"}],"author":[{"embeddable":true,"href":"https:\/\/circle2learning.eu\/tr\/wp-json\/wp\/v2\/users\/2"}],"replies":[{"embeddable":true,"href":"https:\/\/circle2learning.eu\/tr\/wp-json\/wp\/v2\/comments?post=67"}],"version-history":[{"count":78,"href":"https:\/\/circle2learning.eu\/tr\/wp-json\/wp\/v2\/pages\/67\/revisions"}],"predecessor-version":[{"id":1392,"href":"https:\/\/circle2learning.eu\/tr\/wp-json\/wp\/v2\/pages\/67\/revisions\/1392"}],"wp:attachment":[{"href":"https:\/\/circle2learning.eu\/tr\/wp-json\/wp\/v2\/media?parent=67"}],"curies":[{"name":"wp","href":"https:\/\/api.w.org\/{rel}","templated":true}]}}