{"id":85,"date":"2023-02-28T18:13:11","date_gmt":"2023-02-28T18:13:11","guid":{"rendered":"https:\/\/circle2learning.eu\/tr\/?page_id=85"},"modified":"2024-05-13T21:31:06","modified_gmt":"2024-05-13T21:31:06","slug":"tourism-1","status":"publish","type":"page","link":"https:\/\/circle2learning.eu\/tr\/tourism-1\/","title":{"rendered":"Tourism &#038; CE"},"content":{"rendered":"<p>[et_pb_section fb_built=&#8221;1&#8243; _builder_version=&#8221;4.19.5&#8243; _module_preset=&#8221;default&#8221; global_colors_info=&#8221;{}&#8221;][et_pb_row _builder_version=&#8221;4.19.5&#8243; _module_preset=&#8221;default&#8221; global_colors_info=&#8221;{}&#8221;][et_pb_column type=&#8221;4_4&#8243; _builder_version=&#8221;4.19.5&#8243; _module_preset=&#8221;default&#8221; global_colors_info=&#8221;{}&#8221;][et_pb_text _builder_version=&#8221;4.21.0&#8243; _module_preset=&#8221;default&#8221; custom_padding=&#8221;||0px|||&#8221; global_colors_info=&#8221;{}&#8221;]<\/p>\n<h2><strong>Turizm ve D\u00f6ng\u00fcsel Ekonomi<\/strong><\/h2>\n<p>Bu e\u011fitim turizm ba\u011flam\u0131nda d\u00f6ng\u00fcsel ekonominin temel kavramlar\u0131n\u0131 sa\u011flar.<\/p>\n<p>Ayn\u0131 zamanda turistlerin ev sahibi b\u00f6lgede vakit ge\u00e7irdikleri slow turizm kavram\u0131n\u0131 da tan\u0131t\u0131yor.<\/p>\n<p>[\/et_pb_text][\/et_pb_column][\/et_pb_row][et_pb_row _builder_version=&#8221;4.21.0&#8243; _module_preset=&#8221;default&#8221; global_colors_info=&#8221;{}&#8221;][et_pb_column type=&#8221;4_4&#8243; _builder_version=&#8221;4.21.0&#8243; _module_preset=&#8221;default&#8221; global_colors_info=&#8221;{}&#8221;][et_pb_video src=&#8221;https:\/\/youtu.be\/nYzI67TwzSE&#8221; _builder_version=&#8221;4.21.0&#8243; _module_preset=&#8221;default&#8221; global_colors_info=&#8221;{}&#8221;][\/et_pb_video][et_pb_button button_text=&#8221;Videonun metnini buradan indirin&#8221; button_alignment=&#8221;center&#8221; _builder_version=&#8221;4.21.0&#8243; _module_preset=&#8221;default&#8221; hover_enabled=&#8221;0&#8243; custom_css_before=&#8221;et-download-button&#8221; global_colors_info=&#8221;{}&#8221; button_url=&#8221;https:\/\/circle2learning.eu\/tr\/wp-content\/uploads\/2024\/05\/CIRCLE2_Interview.Litvanya.pdf&#8221; url_new_window=&#8221;on&#8221; sticky_enabled=&#8221;0&#8243;][\/et_pb_button][\/et_pb_column][\/et_pb_row][et_pb_row _builder_version=&#8221;4.21.0&#8243; _module_preset=&#8221;default&#8221; global_colors_info=&#8221;{}&#8221;][et_pb_column type=&#8221;4_4&#8243; _builder_version=&#8221;4.21.0&#8243; _module_preset=&#8221;default&#8221; global_colors_info=&#8221;{}&#8221;][et_pb_text _builder_version=&#8221;4.21.0&#8243; _module_preset=&#8221;default&#8221; global_colors_info=&#8221;{}&#8221;]<\/p>\n<p><span><div class=\"h5p-iframe-wrapper\"><iframe id=\"h5p-iframe-7\" class=\"h5p-iframe\" data-content-id=\"7\" style=\"height:1px\" src=\"about:blank\" frameBorder=\"0\" scrolling=\"no\" title=\"D\u00f6ng\u00fcsel Ekonomi ve Turizm \u2013 Temel Konular\"><\/iframe><\/div><\/span><\/p>\n<p>[\/et_pb_text][\/et_pb_column][\/et_pb_row][\/et_pb_section]<\/p>\n","protected":false},"excerpt":{"rendered":"<p>Turizm ve D\u00f6ng\u00fcsel Ekonomi Bu e\u011fitim turizm ba\u011flam\u0131nda d\u00f6ng\u00fcsel ekonominin temel kavramlar\u0131n\u0131 sa\u011flar. Ayn\u0131 zamanda turistlerin ev sahibi b\u00f6lgede vakit ge\u00e7irdikleri slow turizm kavram\u0131n\u0131 da tan\u0131t\u0131yor.<div class=\"h5p-iframe-wrapper\"><iframe id=\"h5p-iframe-7\" class=\"h5p-iframe\" data-content-id=\"7\" style=\"height:1px\" src=\"about:blank\" frameBorder=\"0\" scrolling=\"no\" title=\"D\u00f6ng\u00fcsel Ekonomi ve Turizm \u2013 Temel Konular\"><\/iframe><\/div><\/p>\n","protected":false},"author":2,"featured_media":0,"parent":0,"menu_order":0,"comment_status":"closed","ping_status":"closed","template":"","meta":{"_et_pb_use_builder":"on","_et_pb_old_content":"<!-- wp:divi\/placeholder \/-->","_et_gb_content_width":"","footnotes":""},"class_list":["post-85","page","type-page","status-publish","hentry"],"_links":{"self":[{"href":"https:\/\/circle2learning.eu\/tr\/wp-json\/wp\/v2\/pages\/85","targetHints":{"allow":["GET"]}}],"collection":[{"href":"https:\/\/circle2learning.eu\/tr\/wp-json\/wp\/v2\/pages"}],"about":[{"href":"https:\/\/circle2learning.eu\/tr\/wp-json\/wp\/v2\/types\/page"}],"author":[{"embeddable":true,"href":"https:\/\/circle2learning.eu\/tr\/wp-json\/wp\/v2\/users\/2"}],"replies":[{"embeddable":true,"href":"https:\/\/circle2learning.eu\/tr\/wp-json\/wp\/v2\/comments?post=85"}],"version-history":[{"count":17,"href":"https:\/\/circle2learning.eu\/tr\/wp-json\/wp\/v2\/pages\/85\/revisions"}],"predecessor-version":[{"id":818,"href":"https:\/\/circle2learning.eu\/tr\/wp-json\/wp\/v2\/pages\/85\/revisions\/818"}],"wp:attachment":[{"href":"https:\/\/circle2learning.eu\/tr\/wp-json\/wp\/v2\/media?parent=85"}],"curies":[{"name":"wp","href":"https:\/\/api.w.org\/{rel}","templated":true}]}}