{"id":902,"date":"2024-07-29T15:45:55","date_gmt":"2024-07-29T15:45:55","guid":{"rendered":"https:\/\/circle2learning.eu\/tr\/?page_id=902"},"modified":"2024-10-21T16:30:59","modified_gmt":"2024-10-21T16:30:59","slug":"privacy-policy","status":"publish","type":"page","link":"https:\/\/circle2learning.eu\/tr\/privacy-policy\/","title":{"rendered":"Privacy Policy"},"content":{"rendered":"<p>[et_pb_section fb_built=&#8221;1&#8243; _builder_version=&#8221;4.27.0&#8243; _module_preset=&#8221;default&#8221; global_colors_info=&#8221;{}&#8221;][et_pb_row _builder_version=&#8221;4.27.0&#8243; _module_preset=&#8221;default&#8221; global_colors_info=&#8221;{}&#8221;][et_pb_column type=&#8221;4_4&#8243; _builder_version=&#8221;4.27.0&#8243; _module_preset=&#8221;default&#8221; global_colors_info=&#8221;{}&#8221;][et_pb_text _builder_version=&#8221;4.27.0&#8243; _module_preset=&#8221;default&#8221; global_colors_info=&#8221;{}&#8221;]<\/p>\n<h1>Gizlilik Politikas\u0131<\/h1>\n<p>Gizlilik politikam\u0131z\u0131n bu a\u00e7\u0131klamas\u0131, www.circle2learning.eu web sitesinde (bundan sonra &#8216;web sitesi&#8217; olarak an\u0131lacakt\u0131r) ki\u015fisel verilerin derlenmesi ve kullan\u0131lmas\u0131n\u0131n niteli\u011fini, kapsam\u0131n\u0131 ve amac\u0131n\u0131 kapsar. Bu web sitesi, Avrupa Komisyonu&#8217;nun deste\u011fiyle ve Avrupa Birli\u011fi&#8217;nin Erasmus+ program\u0131n\u0131n deste\u011fiyle finanse edilen Proje numaras\u0131: 2022-1-LT01-KA220-VET-000085809 olan &#8216;VET ve CE yolunda KOB\u0130&#8217;ler&#8217; adl\u0131 &#8220;CIRCLE2&#8221; projesi i\u00e7indir.<\/p>\n<p>Bu web sitesinde derlenen t\u00fcm ki\u015fisel verilerden sorumlu kurulu\u015f (bu gizlilik politikas\u0131 a\u00e7\u0131klamas\u0131nda aksi belirtilmedi\u011fi s\u00fcrece) projenin konsorsiyumudur:<\/p>\n<ul style=\"box-sizing: border-box; margin: 0px; padding: 0px 0px 23px 1em; border: 0px; outline: 0px; font-size: 14px; text-size-adjust: 100%; vertical-align: baseline; background: #ffffff; list-style: disc; line-height: 26px; color: #000000; font-family: 'Open Sans', Arial, sans-serif; font-style: normal; font-variant-ligatures: normal; font-variant-caps: normal; font-weight: 500; letter-spacing: normal; orphans: 2; text-align: left; text-indent: 0px; text-transform: none; widows: 2; word-spacing: 0px; -webkit-text-stroke-width: 0px; white-space: normal; text-decoration-thickness: initial; text-decoration-style: initial; text-decoration-color: initial;\">\n<li style=\"box-sizing: border-box; margin: 0px; padding: 0px; border: 0px; outline: 0px; font-size: 14px; text-size-adjust: 100%; vertical-align: baseline; background: transparent;\"><span class=\"S1PPyQ\" style=\"box-sizing: border-box; margin: 0px; padding: 0px; border: 0px; outline: 0px; font-size: 14px; text-size-adjust: 100%; vertical-align: baseline; background: transparent;\"><span style=\"box-sizing: border-box; margin: 0px; padding: 0px; border: 0px; outline: 0px; font-size: 14px; text-size-adjust: 100%; vertical-align: baseline; background: transparent; text-decoration: underline; color: #0c71c3;\"><a href=\"https:\/\/www.paneveziomc.lt\/\" style=\"box-sizing: border-box; text-decoration: underline; margin: 0px; padding: 0px; border: 0px; outline: 0px; font-size: 14px; text-size-adjust: 100%; vertical-align: baseline; background: transparent; color: #0c71c3;\">Panevezio mokymo centras<\/a><\/span>, Litvanya<\/span><\/li>\n<li style=\"box-sizing: border-box; margin: 0px; padding: 0px; border: 0px; outline: 0px; font-size: 14px; text-size-adjust: 100%; vertical-align: baseline; background: transparent;\"><span class=\"S1PPyQ\" style=\"box-sizing: border-box; margin: 0px; padding: 0px; border: 0px; outline: 0px; font-size: 14px; text-size-adjust: 100%; vertical-align: baseline; background: transparent;\"><a href=\"http:\/\/www.gcu.ac.uk\" target=\"_blank\" rel=\"noopener\"><span style=\"box-sizing: border-box; margin: 0px; padding: 0px; border: 0px; outline: 0px; font-size: 14px; text-size-adjust: 100%; vertical-align: baseline; background: transparent; text-decoration: underline; color: #0c71c3;\">The Glasgow Caledonian University<\/span><\/a>, \u0130sko\u00e7ya<\/span><\/li>\n<li style=\"box-sizing: border-box; margin: 0px; padding: 0px; border: 0px; outline: 0px; font-size: 14px; text-size-adjust: 100%; vertical-align: baseline; background: transparent;\"><span style=\"box-sizing: border-box; margin: 0px; padding: 0px; border: 0px; outline: 0px; font-size: 14px; text-size-adjust: 100%; vertical-align: baseline; background: transparent; text-decoration-line: underline; color: #0c71c3;\"><a href=\"https:\/\/www.bluebook.it\/\" style=\"box-sizing: border-box; text-decoration: none; margin: 0px; padding: 0px; border: 0px; outline: 0px; font-size: 14px; text-size-adjust: 100%; vertical-align: baseline; background: transparent; color: #0c71c3;\" target=\"_blank\" rel=\"noopener\">Bluebook srl<\/a><\/span><span style=\"box-sizing: border-box; margin: 0px; padding: 0px; border: 0px; outline: 0px; font-size: 14px; text-size-adjust: 100%; vertical-align: baseline; background: transparent;\">, \u0130talya<\/span><\/li>\n<li style=\"box-sizing: border-box; margin: 0px; padding: 0px; border: 0px; outline: 0px; font-size: 14px; text-size-adjust: 100%; vertical-align: baseline; background: transparent;\"><span class=\"S1PPyQ\" style=\"box-sizing: border-box; margin: 0px; padding: 0px; border: 0px; outline: 0px; font-size: 14px; text-size-adjust: 100%; vertical-align: baseline; background: transparent;\"><span style=\"box-sizing: border-box; margin: 0px; padding: 0px; border: 0px; outline: 0px; font-size: 14px; text-size-adjust: 100%; vertical-align: baseline; background: transparent; text-decoration: underline; color: #0c71c3;\"><a href=\"https:\/\/www.sc-celje.si\/\" style=\"box-sizing: border-box; text-decoration: underline; margin: 0px; padding: 0px; border: 0px; outline: 0px; font-size: 14px; text-size-adjust: 100%; vertical-align: baseline; background: transparent; color: #0c71c3;\">Solski Center Celje,<\/a><\/span><span>\u00a0<\/span>Slovenya<\/span><\/li>\n<li style=\"box-sizing: border-box; margin: 0px; padding: 0px; border: 0px; outline: 0px; font-size: 14px; text-size-adjust: 100%; vertical-align: baseline; background: transparent;\"><span class=\"S1PPyQ\" style=\"box-sizing: border-box; margin: 0px; padding: 0px; border: 0px; outline: 0px; font-size: 14px; text-size-adjust: 100%; vertical-align: baseline; background: transparent;\"><span style=\"box-sizing: border-box; margin: 0px; padding: 0px; border: 0px; outline: 0px; font-size: 14px; text-size-adjust: 100%; vertical-align: baseline; background: transparent; text-decoration: underline; color: #0c71c3;\">Tarsus Ticaret Ve Sanayi Odasi<\/span>, T\u00fcrkiye<\/span><\/li>\n<li style=\"box-sizing: border-box; margin: 0px; padding: 0px; border: 0px; outline: 0px; font-size: 14px; text-size-adjust: 100%; vertical-align: baseline; background: transparent;\"><span style=\"box-sizing: border-box; margin: 0px; padding: 0px; border: 0px; outline: 0px; font-size: 14px; text-size-adjust: 100%; vertical-align: baseline; background: transparent;\"><span style=\"box-sizing: border-box; margin: 0px; padding: 0px; border: 0px; outline: 0px; font-size: 14px; text-size-adjust: 100%; vertical-align: baseline; background: transparent; text-decoration: underline; color: #0c71c3;\">The Asturian Association for International Cooperation (AACI)<\/span>, \u0130spanya<\/span><\/li>\n<\/ul>\n<p>(bundan sonra &#8216;biz&#8217;, &#8216;bize&#8217; veya &#8216;bizim&#8217; olarak an\u0131lacakt\u0131r) .Bu gizlilik politikas\u0131nda aksi belirtilmedi\u011fi s\u00fcrece, web sitesinde toplanan t\u00fcm ki\u015fisel verilerden sorumlu otorite biziz. Hakk\u0131m\u0131zda ve ileti\u015fim bilgilerimiz hakk\u0131nda daha fazla bilgi \u0130leti\u015fim sayfas\u0131nda bulunabilir. Konsorsiyumun veri koruma denet\u00e7ilerine \u015fu e-posta adresinden ula\u015f\u0131labilir: vaida.sinkeviciene@paneveziomc.lt<\/p>\n<h2>Toplad\u0131\u011f\u0131m\u0131z Bilgiler ve Bunlar\u0131 Nas\u0131l Kulland\u0131\u011f\u0131m\u0131z<\/h2>\n<p>Kullan\u0131c\u0131lardan ki\u015fisel tan\u0131mlama bilgileri toplam\u0131yoruz.Web sitemizi her ziyaret etti\u011finizde taray\u0131c\u0131n\u0131z\u0131n g\u00f6nderdi\u011fi bilgileri topluyoruz. Bu G\u00fcnl\u00fck Verileri, bilgisayar\u0131n\u0131z\u0131n \u0130nternet Protokol\u00fc (&#8220;IP&#8221;) adresi, taray\u0131c\u0131 t\u00fcr\u00fc, taray\u0131c\u0131 s\u00fcr\u00fcm\u00fc, ziyaret etti\u011finiz web sitemizin sayfalar\u0131, ziyaretinizin saati ve tarihi, bu sayfalarda harcanan s\u00fcre ve di\u011fer istatistikler gibi bilgileri i\u00e7erebilir. Bu veriler, web sitesini kullan\u0131rken aktif olarak girdi\u011finiz di\u011fer ki\u015fisel verilerle birle\u015ftirilmez. IP adresleri, toplama a\u011f\u0131n\u0131n m\u00fcmk\u00fcn olan en erken a\u015famas\u0131nda derhal anonimle\u015ftirilir.<\/p>\n<h2>\u00c7erezler<\/h2>\n<p>Web sitemiz \u00e7erez kullanmaktad\u0131r. \u00c7erezler sizi ki\u015fisel olarak tan\u0131mlayan hi\u00e7bir bilgi i\u00e7ermez, ancak sizin hakk\u0131n\u0131zda saklad\u0131\u011f\u0131m\u0131z ki\u015fisel bilgiler, taraf\u0131m\u0131zca \u00e7erezlerde saklanan ve \u00e7erezlerden elde edilen bilgilerle ili\u015fkilendirilebilir. Web sitesinde kullan\u0131lan \u00e7erezler aras\u0131nda eri\u015fim ve gezinme i\u00e7in kesinlikle gerekli \u00e7erezler, tercihlerinizi hat\u0131rlayan \u00e7erezler (i\u015flevsellik \u00e7erezleri) ve kullan\u0131m\u0131 izleyen \u00e7erezler bulunur. Kullan\u0131m\u0131 izleyen \u00e7erezleri &#8216;Kabul Edebilir&#8217; veya &#8216;Reddedebilirsiniz&#8217;.<\/p>\n<p>Bir kullan\u0131c\u0131 web taray\u0131c\u0131s\u0131n\u0131 \u00e7erezleri reddedecek veya \u00e7erezler g\u00f6nderildi\u011finde sizi uyaracak \u015fekilde ayarlamay\u0131 se\u00e7ebilir. Bunu yaparlarsa, web sitesinin baz\u0131 b\u00f6l\u00fcmlerinin d\u00fczg\u00fcn \u00e7al\u0131\u015fmayabilece\u011fini unutmay\u0131n.<\/p>\n<h2>Google Analitik<\/h2>\n<p>Bu web sitesi, Google Inc.&#8217;in (bundan sonra &#8216;Google&#8217; olarak an\u0131lacakt\u0131r) bir web analiz hizmeti olan Google Analytics&#8217;i kullanabilir. Google Analytics, web sitesini kullan\u0131m\u0131n\u0131z\u0131n analizini kolayla\u015ft\u0131rmak i\u00e7in bilgisayar\u0131n\u0131za depolanan \u00e7erezleri kullan\u0131r. Bu \u00e7erezler taraf\u0131ndan olu\u015fturulan bilgiler, IP adresiniz de dahil olmak \u00fczere sitemize yapt\u0131\u011f\u0131n\u0131z ziyaretlerin zaman\u0131, yeri ve s\u0131kl\u0131\u011f\u0131 gibi bilgiler Google&#8217;\u0131n konumuna iletilir ve orada depolan\u0131r. Web sitemiz Google Analytics&#8217;i kullan\u0131rken &#8220;anonymizeIp&#8221; uzant\u0131s\u0131n\u0131 kullan\u0131r. Bunu yaparken, Google IP adresinizi aktarmadan \u00f6nce k\u0131salt\u0131r ve dolay\u0131s\u0131yla anonimle\u015ftirir. Google bu bilgileri sitemizi kullan\u0131m\u0131n\u0131z\u0131 analiz etmek, internet etkinli\u011fi hakk\u0131nda bize raporlar derlemek ve web sitemizle ilgili di\u011fer hizmetleri sa\u011flamak i\u00e7in kullan\u0131r.<\/p>\n<p>Web sitesini ilk kez ziyaret etti\u011finizde, bilgisayar\u0131n\u0131zda Google Analytics kullan\u0131m\u0131n\u0131 &#8216;Kabul Et&#8217; veya &#8216;Reddet&#8217; karar\u0131 verebilirsiniz.<\/p>\n<h2>Bu gizlilik politikas\u0131ndaki de\u011fi\u015fiklikler<\/h2>\n<p>Bu Gizlilik Politikas\u0131 1 Kas\u0131m 2022 tarihi itibar\u0131yla y\u00fcr\u00fcrl\u00fc\u011fe girer ve gelecekte h\u00fck\u00fcmlerinde herhangi bir de\u011fi\u015fiklik yap\u0131lmas\u0131 haricinde y\u00fcr\u00fcrl\u00fckte kalacakt\u0131r; bu de\u011fi\u015fiklikler bu sayfada yay\u0131nland\u0131ktan hemen sonra y\u00fcr\u00fcrl\u00fc\u011fe girecektir.<\/p>\n<p>Gizlilik Politikam\u0131z\u0131 herhangi bir zamanda g\u00fcncelleme veya de\u011fi\u015ftirme hakk\u0131n\u0131 sakl\u0131 tutuyoruz ve bu Gizlilik Politikas\u0131n\u0131 d\u00fczenli aral\u0131klarla kontrol etmelisiniz. Bunu yapt\u0131\u011f\u0131m\u0131zda, web sitemizin ana sayfas\u0131nda bir bildirim yay\u0131nlayaca\u011f\u0131z. Kullan\u0131c\u0131lar\u0131, toplad\u0131\u011f\u0131m\u0131z ki\u015fisel bilgileri nas\u0131l korudu\u011fumuz konusunda bilgi sahibi olmak i\u00e7in bu sayfay\u0131 s\u0131k s\u0131k kontrol ederek de\u011fi\u015fiklikler olup olmad\u0131\u011f\u0131n\u0131 kontrol etmeye te\u015fvik ediyoruz. Bu gizlilik politikas\u0131n\u0131 d\u00fczenli aral\u0131klarla incelemenin ve de\u011fi\u015fikliklerden haberdar olman\u0131n sizin sorumlulu\u011funuz oldu\u011funu kabul ve beyan edersiniz.<\/p>\n<h2>Bizimle ileti\u015fime ge\u00e7in<\/h2>\n<p>Bu Gizlilik Politikas\u0131, bu sitenin uygulamalar\u0131 veya bu web sitesiyle olan i\u015flemleriniz hakk\u0131nda herhangi bir sorunuz varsa l\u00fctfen bizimle ileti\u015fime ge\u00e7in.<\/p>\n<p>[\/et_pb_text][\/et_pb_column][\/et_pb_row][\/et_pb_section]<\/p>\n","protected":false},"excerpt":{"rendered":"<p>Gizlilik Politikas\u0131 Gizlilik politikam\u0131z\u0131n bu a\u00e7\u0131klamas\u0131, www.circle2learning.eu web sitesinde (bundan sonra &#8216;web sitesi&#8217; olarak an\u0131lacakt\u0131r) ki\u015fisel verilerin derlenmesi ve kullan\u0131lmas\u0131n\u0131n niteli\u011fini, kapsam\u0131n\u0131 ve amac\u0131n\u0131 kapsar. Bu web sitesi, Avrupa Komisyonu&#8217;nun deste\u011fiyle ve Avrupa Birli\u011fi&#8217;nin Erasmus+ program\u0131n\u0131n deste\u011fiyle finanse edilen Proje numaras\u0131: 2022-1-LT01-KA220-VET-000085809 olan &#8216;VET ve CE yolunda KOB\u0130&#8217;ler&#8217; adl\u0131 &#8220;CIRCLE2&#8221; projesi i\u00e7indir. Bu web sitesinde [&hellip;]<\/p>\n","protected":false},"author":2,"featured_media":0,"parent":0,"menu_order":0,"comment_status":"closed","ping_status":"closed","template":"","meta":{"_et_pb_use_builder":"on","_et_pb_old_content":"<!-- wp:divi\/placeholder \/-->","_et_gb_content_width":"","footnotes":""},"class_list":["post-902","page","type-page","status-publish","hentry"],"_links":{"self":[{"href":"https:\/\/circle2learning.eu\/tr\/wp-json\/wp\/v2\/pages\/902","targetHints":{"allow":["GET"]}}],"collection":[{"href":"https:\/\/circle2learning.eu\/tr\/wp-json\/wp\/v2\/pages"}],"about":[{"href":"https:\/\/circle2learning.eu\/tr\/wp-json\/wp\/v2\/types\/page"}],"author":[{"embeddable":true,"href":"https:\/\/circle2learning.eu\/tr\/wp-json\/wp\/v2\/users\/2"}],"replies":[{"embeddable":true,"href":"https:\/\/circle2learning.eu\/tr\/wp-json\/wp\/v2\/comments?post=902"}],"version-history":[{"count":7,"href":"https:\/\/circle2learning.eu\/tr\/wp-json\/wp\/v2\/pages\/902\/revisions"}],"predecessor-version":[{"id":923,"href":"https:\/\/circle2learning.eu\/tr\/wp-json\/wp\/v2\/pages\/902\/revisions\/923"}],"wp:attachment":[{"href":"https:\/\/circle2learning.eu\/tr\/wp-json\/wp\/v2\/media?parent=902"}],"curies":[{"name":"wp","href":"https:\/\/api.w.org\/{rel}","templated":true}]}}